{"id":814292,"date":"2024-05-27T11:55:40","date_gmt":"2024-05-27T10:55:40","guid":{"rendered":"https:\/\/randboldalcamping.dk\/?page_id=814292"},"modified":"2024-06-10T08:19:57","modified_gmt":"2024-06-10T07:19:57","slug":"events","status":"publish","type":"page","link":"https:\/\/randboldalcamping.dk\/en\/events\/","title":{"rendered":"Events"},"content":{"rendered":"<p>[et_pb_section fb_built=&#8221;1&#8243; _builder_version=&#8221;4.20.0&#8243; background_color=&#8221;rgba(144,24,29,0)&#8221; position_origin_a=&#8221;top_center&#8221; custom_padding=&#8221;0px||0px||true|false&#8221; global_colors_info=&#8221;{}&#8221;][et_pb_row column_structure=&#8221;1_4,1_4,1_2&#8243; use_custom_gutter=&#8221;on&#8221; gutter_width=&#8221;1&#8243; make_equal=&#8221;on&#8221; _builder_version=&#8221;4.25.1&#8243; background_color=&#8221;rgba(144,24,29,0)&#8221; positioning=&#8221;none&#8221; position_origin_a=&#8221;top_center&#8221; width=&#8221;100%&#8221; max_width=&#8221;100%&#8221; custom_margin=&#8221;||||false|false&#8221; custom_padding=&#8221;0px||0px||false|false&#8221; global_colors_info=&#8221;{}&#8221;][et_pb_column type=&#8221;1_4&#8243; _builder_version=&#8221;4.20.0&#8243; background_color=&#8221;#54b6bd&#8221; border_width_right=&#8221;10px&#8221; border_color_right=&#8221;#FFFFFF&#8221; border_width_right_tablet=&#8221;&#8221; border_width_right_phone=&#8221;0px&#8221; border_width_right_last_edited=&#8221;on|phone&#8221; border_width_bottom_tablet=&#8221;&#8221; border_width_bottom_phone=&#8221;10px&#8221; border_width_bottom_last_edited=&#8221;on|phone&#8221; border_color_bottom_tablet=&#8221;&#8221; border_color_bottom_phone=&#8221;#ffffff&#8221; border_color_bottom_last_edited=&#8221;on|phone&#8221; global_colors_info=&#8221;{}&#8221;][et_pb_divider show_divider=&#8221;off&#8221; _builder_version=&#8221;4.25.1&#8243; background_image=&#8221;https:\/\/randboldalcamping.dk\/wp-content\/uploads\/2024\/05\/Naturvandring-Randboldal-1.jpg&#8221; background_enable_video_mp4=&#8221;off&#8221; custom_padding=&#8221;42%||42%||true|false&#8221; border_color_top=&#8221;#FFFFFF&#8221; border_width_bottom=&#8221;10px&#8221; border_color_bottom=&#8221;#FFFFFF&#8221; global_colors_info=&#8221;{}&#8221;][\/et_pb_divider][et_pb_image src=&#8221;https:\/\/randboldalcamping.dk\/wp-content\/uploads\/2023\/01\/Artboard-20.png&#8221; title_text=&#8221;Randb\u00f8ldal Camping &#8211; Green camping&#8221; url=&#8221;@ET-DC@eyJkeW5hbWljIjp0cnVlLCJjb250ZW50IjoiaG9tZV91cmwiLCJzZXR0aW5ncyI6e319@&#8221; admin_label=&#8221;Logo til undersider&#8221; _builder_version=&#8221;4.25.0&#8243; _dynamic_attributes=&#8221;url&#8221; _module_preset=&#8221;default&#8221; positioning=&#8221;absolute&#8221; position_origin_a=&#8221;top_center&#8221; vertical_offset=&#8221;150px&#8221; horizontal_offset=&#8221;19px&#8221; z_index=&#8221;189&#8243; width=&#8221;70%&#8221; global_module=&#8221;799441&#8243; global_colors_info=&#8221;{}&#8221;][\/et_pb_image][et_pb_text _builder_version=&#8221;4.25.1&#8243; text_font=&#8221;||||||||&#8221; text_text_color=&#8221;#FFFFFF&#8221; text_font_size=&#8221;25px&#8221; text_line_height=&#8221;1.4em&#8221; header_2_font=&#8221;||||||||&#8221; header_2_text_color=&#8221;#FFFFFF&#8221; custom_padding=&#8221;70px|50px||50px|false|true&#8221; global_colors_info=&#8221;{}&#8221;]<\/p>\n<h2>Events on and around the campsite<\/h2>\n<p>[\/et_pb_text][et_pb_text _builder_version=&#8221;4.25.1&#8243; text_font=&#8221;||||||||&#8221; text_text_color=&#8221;#ffffff&#8221; text_font_size=&#8221;18px&#8221; text_line_height=&#8221;1.8em&#8221; custom_padding=&#8221;20px|50px||50px|false|true&#8221; global_colors_info=&#8221;{}&#8221;]<\/p>\n<p>Camping holidays in the most beautiful nature  <br \/>&#8211; close to Billund and Vejle<\/p>\n<p>[\/et_pb_text][et_pb_divider show_divider=&#8221;off&#8221; _builder_version=&#8221;4.25.1&#8243; _module_preset=&#8221;default&#8221; custom_padding=&#8221;10px||10px||true|false&#8221; global_colors_info=&#8221;{}&#8221;][\/et_pb_divider][\/et_pb_column][et_pb_column type=&#8221;1_4&#8243; _builder_version=&#8221;4.20.0&#8243; background_color=&#8221;#74B83E&#8221; border_width_top_tablet=&#8221;&#8221; border_width_top_phone=&#8221;0px&#8221; border_width_top_last_edited=&#8221;on|phone&#8221; border_color_top_tablet=&#8221;&#8221; border_color_top_phone=&#8221;#ffffff&#8221; border_color_top_last_edited=&#8221;on|phone&#8221; border_width_bottom_tablet=&#8221;&#8221; border_width_bottom_phone=&#8221;10px&#8221; border_width_bottom_last_edited=&#8221;on|phone&#8221; border_color_bottom_tablet=&#8221;&#8221; border_color_bottom_phone=&#8221;#ffffff&#8221; border_color_bottom_last_edited=&#8221;on|phone&#8221; global_colors_info=&#8221;{}&#8221;][et_pb_text _builder_version=&#8221;4.25.1&#8243; text_font=&#8221;||||||||&#8221; text_text_color=&#8221;#FFFFFF&#8221; text_font_size=&#8221;25px&#8221; text_line_height=&#8221;1.4em&#8221; header_2_font=&#8221;||||||||&#8221; header_2_text_color=&#8221;#FFFFFF&#8221; custom_padding=&#8221;88px|50px||50px|false|true&#8221; global_colors_info=&#8221;{}&#8221;]<\/p>\n<h2>Events<\/h2>\n<p>[\/et_pb_text][et_pb_text _builder_version=&#8221;4.25.1&#8243; text_font=&#8221;||||||||&#8221; text_text_color=&#8221;#FFFFFF&#8221; text_font_size=&#8221;18px&#8221; text_line_height=&#8221;1.8em&#8221; custom_padding=&#8221;20px|50px||50px|false|true&#8221; global_colors_info=&#8221;{}&#8221;]<\/p>\n<p>Read more about what is happening at and around Randb\u00f8ldal Camping<\/p>\n<p>[\/et_pb_text][et_pb_divider show_divider=&#8221;off&#8221; _builder_version=&#8221;4.25.1&#8243; _module_preset=&#8221;default&#8221; custom_padding=&#8221;10px||10px||true|false&#8221; global_colors_info=&#8221;{}&#8221;][\/et_pb_divider][et_pb_button _builder_version=&#8221;4.19.4&#8243; _module_preset=&#8221;default&#8221; global_colors_info=&#8221;{}&#8221;][\/et_pb_button][et_pb_divider show_divider=&#8221;off&#8221; _builder_version=&#8221;4.25.1&#8243; background_image=&#8221;https:\/\/randboldalcamping.dk\/wp-content\/uploads\/2024\/05\/Bornedisko-Randboldal-2.jpg&#8221; custom_padding=&#8221;42%||42%||true|false&#8221; border_width_top=&#8221;10px&#8221; border_color_top=&#8221;#FFFFFF&#8221; global_colors_info=&#8221;{}&#8221;][\/et_pb_divider][\/et_pb_column][et_pb_column type=&#8221;1_2&#8243; disabled_on=&#8221;off|off|off&#8221; _builder_version=&#8221;4.25.1&#8243; background_image=&#8221;https:\/\/randboldalcamping.dk\/wp-content\/uploads\/2023\/04\/8-1.jpg&#8221; background_enable_video_mp4=&#8221;off&#8221; border_width_left=&#8221;10px&#8221; border_color_left=&#8221;#FFFFFF&#8221; border_width_top_tablet=&#8221;10px&#8221; border_width_top_phone=&#8221;0px&#8221; border_width_top_last_edited=&#8221;on|tablet&#8221; border_color_top_tablet=&#8221;#ffffff&#8221; border_color_top_phone=&#8221;&#8221; border_color_top_last_edited=&#8221;on|tablet&#8221; border_width_left_tablet=&#8221;0px&#8221; border_width_left_phone=&#8221;0px&#8221; border_width_left_last_edited=&#8221;on|phone&#8221; global_colors_info=&#8221;{}&#8221;][et_pb_divider show_divider=&#8221;off&#8221; disabled_on=&#8221;off|off|on&#8221; _builder_version=&#8221;4.19.4&#8243; custom_padding=&#8221;30%||30%||true|false&#8221; global_colors_info=&#8221;{}&#8221;][\/et_pb_divider][\/et_pb_column][\/et_pb_row][\/et_pb_section][et_pb_section fb_built=&#8221;1&#8243; _builder_version=&#8221;4.25.1&#8243; _module_preset=&#8221;default&#8221; global_colors_info=&#8221;{}&#8221;][et_pb_row _builder_version=&#8221;4.25.1&#8243; _module_preset=&#8221;default&#8221; global_colors_info=&#8221;{}&#8221;][et_pb_column type=&#8221;4_4&#8243; _builder_version=&#8221;4.25.1&#8243; _module_preset=&#8221;default&#8221; global_colors_info=&#8221;{}&#8221;][et_pb_text _builder_version=&#8221;4.25.1&#8243; _module_preset=&#8221;default&#8221; header_2_text_align=&#8221;center&#8221; global_colors_info=&#8221;{}&#8221;]<\/p>\n<h2>Here you can see which events are on and around Randb\u00f8ldal Camping<\/h2>\n<p>[\/et_pb_text][\/et_pb_column][\/et_pb_row][et_pb_row _builder_version=&#8221;4.25.1&#8243; _module_preset=&#8221;default&#8221; global_colors_info=&#8221;{}&#8221;][et_pb_column type=&#8221;4_4&#8243; _builder_version=&#8221;4.25.1&#8243; _module_preset=&#8221;default&#8221; global_colors_info=&#8221;{}&#8221;][decm_event_display event_selection=&#8221;all_event&#8221; recurrence_number=&#8221;30&#8243; date_detail_label=&#8221;Dato&#8221; date_format=&#8221;D j. F Y&#8221; show_end_date=&#8221;off&#8221; details_time_label=&#8221;Tid&#8221; show_venue=&#8221;off&#8221; organizer_detail_label=&#8221;Sted&#8221; price_detail_label=&#8221;Pris&#8221; show_category=&#8221;off&#8221; hide_comma_cat=&#8221;off&#8221; show_tag=&#8221;off&#8221; hide_comma_tag=&#8221;off&#8221; show_weburl=&#8221;off&#8221; show_detail=&#8221;off&#8221; event_count=&#8221;100&#8243; details_icon_color=&#8221;#61B12F&#8221; thumbnail_padding=&#8221;10px|10px|10px|10px|true|true&#8221; details_padding=&#8221;0px|10px|10px|10px|false|true&#8221; _builder_version=&#8221;4.25.1&#8243; _module_preset=&#8221;default&#8221; title_text_color=&#8221;#29380F&#8221; duration_labels_text_color=&#8221;#61B12F&#8221; callout_date_text_color=&#8221;#61B12F&#8221; callout_month_text_color=&#8221;#29380F&#8221; hover_enabled=&#8221;0&#8243; border_radii_thumbnail_border=&#8221;on|6px|6px|6px|6px&#8221; border_radii_event_border=&#8221;on|6px|6px|6px|6px&#8221; border_width_all_event_border=&#8221;1px&#8221; border_color_all_event_border=&#8221;#29380F&#8221; border_radii_callout_border=&#8221;on||||&#8221; global_colors_info=&#8221;{}&#8221; sticky_enabled=&#8221;0&#8243;][\/decm_event_display][\/et_pb_column][\/et_pb_row][\/et_pb_section][et_pb_section fb_built=&#8221;1&#8243; _builder_version=&#8221;4.16&#8243; custom_padding=&#8221;0|0px|0|0px|true|false&#8221; global_colors_info=&#8221;{}&#8221;][et_pb_row column_structure=&#8221;1_4,1_4,1_4,1_4&#8243; use_custom_gutter=&#8221;on&#8221; gutter_width=&#8221;1&#8243; module_class=&#8221; et_pb_row_fullwidth&#8221; _builder_version=&#8221;4.16&#8243; width=&#8221;100%&#8221; width_tablet=&#8221;100%&#8221; width_phone=&#8221;&#8221; width_last_edited=&#8221;on|desktop&#8221; max_width=&#8221;100%&#8221; max_width_tablet=&#8221;100%&#8221; max_width_phone=&#8221;&#8221; max_width_last_edited=&#8221;on|desktop&#8221; custom_padding=&#8221;0|0px|0|0px|true|false&#8221; border_width_all=&#8221;5px&#8221; border_color_all=&#8221;#ffffff&#8221; make_fullwidth=&#8221;on&#8221; global_colors_info=&#8221;{}&#8221;][et_pb_column type=&#8221;1_4&#8243; _builder_version=&#8221;4.16&#8243; custom_padding=&#8221;|||&#8221; global_colors_info=&#8221;{}&#8221; custom_padding__hover=&#8221;|||&#8221;][et_pb_image src=&#8221;https:\/\/randboldalcamping.dk\/wp-content\/uploads\/2023\/01\/81.jpg&#8221; alt=&#8221;Campsite &#8211; Randb\u00f8ldal in the middle of nature&#8221; title_text=&#8221;Campsite &#8211; Randb\u00f8ldal in the middle of nature&#8221; show_in_lightbox=&#8221;on&#8221; use_overlay=&#8221;on&#8221; overlay_icon_color=&#8221;rgba(0,0,0,0)&#8221; hover_overlay_color=&#8221;rgba(0,0,0,0.15)&#8221; align_tablet=&#8221;center&#8221; align_phone=&#8221;&#8221; align_last_edited=&#8221;on|desktop&#8221; _builder_version=&#8221;4.19.4&#8243; border_width_all=&#8221;5px&#8221; border_color_all=&#8221;#ffffff&#8221; global_colors_info=&#8221;{}&#8221;][\/et_pb_image][et_pb_image src=&#8221;https:\/\/randboldalcamping.dk\/wp-content\/uploads\/2023\/01\/9.jpg&#8221; title_text=&#8221;9&#8243; show_in_lightbox=&#8221;on&#8221; use_overlay=&#8221;on&#8221; overlay_icon_color=&#8221;rgba(0,0,0,0)&#8221; hover_overlay_color=&#8221;rgba(0,0,0,0.15)&#8221; align_tablet=&#8221;center&#8221; align_phone=&#8221;&#8221; align_last_edited=&#8221;on|desktop&#8221; _builder_version=&#8221;4.19.4&#8243; border_width_all=&#8221;5px&#8221; border_color_all=&#8221;#ffffff&#8221; border_width_bottom_tablet=&#8221;10px&#8221; border_width_bottom_phone=&#8221;&#8221; border_width_bottom_last_edited=&#8221;on|desktop&#8221; border_color_bottom_tablet=&#8221;#ffffff&#8221; border_color_bottom_phone=&#8221;&#8221; border_color_bottom_last_edited=&#8221;on|tablet&#8221; global_colors_info=&#8221;{}&#8221;][\/et_pb_image][\/et_pb_column][et_pb_column type=&#8221;1_4&#8243; _builder_version=&#8221;4.16&#8243; custom_padding=&#8221;|||&#8221; global_colors_info=&#8221;{}&#8221; custom_padding__hover=&#8221;|||&#8221;][et_pb_image src=&#8221;https:\/\/randboldalcamping.dk\/wp-content\/uploads\/2023\/01\/98.jpg&#8221; title_text=&#8221;Breakfast, meals and wine can be purchased in the Caf\u00e9&#8221; show_in_lightbox=&#8221;on&#8221; use_overlay=&#8221;on&#8221; overlay_icon_color=&#8221;rgba(0,0,0,0)&#8221; hover_overlay_color=&#8221;rgba(0,0,0,0.15)&#8221; align_tablet=&#8221;center&#8221; align_phone=&#8221;&#8221; align_last_edited=&#8221;on|desktop&#8221; _builder_version=&#8221;4.19.4&#8243; border_width_all=&#8221;5px&#8221; border_color_all=&#8221;#ffffff&#8221; border_width_top_tablet=&#8221;&#8221; border_width_top_phone=&#8221;0px&#8221; border_width_top_last_edited=&#8221;on|phone&#8221; border_color_top_tablet=&#8221;&#8221; border_color_top_phone=&#8221;#ffffff&#8221; border_color_top_last_edited=&#8221;on|desktop&#8221; global_colors_info=&#8221;{}&#8221;][\/et_pb_image][et_pb_image src=&#8221;https:\/\/randboldalcamping.dk\/wp-content\/uploads\/2023\/01\/84.jpg&#8221; title_text=&#8221;Campsite with room for children&#8221; show_in_lightbox=&#8221;on&#8221; use_overlay=&#8221;on&#8221; overlay_icon_color=&#8221;rgba(0,0,0,0)&#8221; hover_overlay_color=&#8221;rgba(0,0,0,0.15)&#8221; align_tablet=&#8221;center&#8221; align_phone=&#8221;&#8221; align_last_edited=&#8221;on|desktop&#8221; _builder_version=&#8221;4.19.4&#8243; border_width_all=&#8221;5px&#8221; border_color_all=&#8221;#ffffff&#8221; border_width_top_tablet=&#8221;&#8221; border_width_top_phone=&#8221;5px&#8221; border_width_top_last_edited=&#8221;on|phone&#8221; border_color_top_tablet=&#8221;&#8221; border_color_top_phone=&#8221;#ffffff&#8221; border_color_top_last_edited=&#8221;on|desktop&#8221; global_colors_info=&#8221;{}&#8221;][\/et_pb_image][\/et_pb_column][et_pb_column type=&#8221;1_4&#8243; _builder_version=&#8221;4.16&#8243; custom_padding=&#8221;|||&#8221; global_colors_info=&#8221;{}&#8221; custom_padding__hover=&#8221;|||&#8221;][et_pb_image src=&#8221;https:\/\/randboldalcamping.dk\/wp-content\/uploads\/2023\/01\/59.jpg&#8221; title_text=&#8221;Luxury mobile homes on campsite&#8221; show_in_lightbox=&#8221;on&#8221; use_overlay=&#8221;on&#8221; overlay_icon_color=&#8221;rgba(0,0,0,0)&#8221; hover_overlay_color=&#8221;rgba(0,0,0,0.15)&#8221; align_tablet=&#8221;center&#8221; align_phone=&#8221;&#8221; align_last_edited=&#8221;on|desktop&#8221; _builder_version=&#8221;4.19.4&#8243; border_width_all=&#8221;5px&#8221; border_color_all=&#8221;#ffffff&#8221; border_width_top_tablet=&#8221;0px&#8221; border_width_top_phone=&#8221;5px&#8221; border_width_top_last_edited=&#8221;on|tablet&#8221; border_color_top_tablet=&#8221;&#8221; border_color_top_phone=&#8221;#ffffff&#8221; border_color_top_last_edited=&#8221;on|phone&#8221; global_colors_info=&#8221;{}&#8221;][\/et_pb_image][et_pb_image src=&#8221;https:\/\/randboldalcamping.dk\/wp-content\/uploads\/2023\/01\/19.jpg&#8221; title_text=&#8221;19&#8243; show_in_lightbox=&#8221;on&#8221; use_overlay=&#8221;on&#8221; overlay_icon_color=&#8221;rgba(0,0,0,0)&#8221; hover_overlay_color=&#8221;rgba(0,0,0,0.15)&#8221; align_tablet=&#8221;center&#8221; align_phone=&#8221;&#8221; align_last_edited=&#8221;on|desktop&#8221; _builder_version=&#8221;4.19.4&#8243; border_width_all=&#8221;5px&#8221; border_color_all=&#8221;#ffffff&#8221; global_colors_info=&#8221;{}&#8221;][\/et_pb_image][\/et_pb_column][et_pb_column type=&#8221;1_4&#8243; _builder_version=&#8221;4.16&#8243; custom_padding=&#8221;|||&#8221; global_colors_info=&#8221;{}&#8221; custom_padding__hover=&#8221;|||&#8221;][et_pb_image src=&#8221;https:\/\/randboldalcamping.dk\/wp-content\/uploads\/2023\/01\/62.jpg&#8221; title_text=&#8221;camping cabins close to Billund and Vejle&#8221; show_in_lightbox=&#8221;on&#8221; use_overlay=&#8221;on&#8221; overlay_icon_color=&#8221;rgba(0,0,0,0)&#8221; hover_overlay_color=&#8221;rgba(0,0,0,0.15)&#8221; align_tablet=&#8221;center&#8221; align_phone=&#8221;&#8221; align_last_edited=&#8221;on|desktop&#8221; _builder_version=&#8221;4.19.4&#8243; border_width_all=&#8221;5px&#8221; border_color_all=&#8221;#ffffff&#8221; border_width_top_tablet=&#8221;0px&#8221; border_width_top_phone=&#8221;5px&#8221; border_width_top_last_edited=&#8221;on|phone&#8221; border_color_top_tablet=&#8221;&#8221; border_color_top_phone=&#8221;#ffffff&#8221; border_color_top_last_edited=&#8221;on|desktop&#8221; global_colors_info=&#8221;{}&#8221;][\/et_pb_image][et_pb_image src=&#8221;https:\/\/randboldalcamping.dk\/wp-content\/uploads\/2023\/01\/106.jpg&#8221; title_text=&#8221;Bike rides in the nature around the campsite&#8221; show_in_lightbox=&#8221;on&#8221; use_overlay=&#8221;on&#8221; overlay_icon_color=&#8221;rgba(0,0,0,0)&#8221; hover_overlay_color=&#8221;rgba(0,0,0,0.15)&#8221; align_tablet=&#8221;center&#8221; align_phone=&#8221;&#8221; align_last_edited=&#8221;on|desktop&#8221; _builder_version=&#8221;4.19.4&#8243; border_width_all=&#8221;5px&#8221; border_color_all=&#8221;#ffffff&#8221; global_colors_info=&#8221;{}&#8221;][\/et_pb_image][\/et_pb_column][\/et_pb_row][\/et_pb_section]<\/p>\n","protected":false},"excerpt":{"rendered":"<p>Events on and around the campsiteCamping holidays in the most beautiful nature &#8211; close to Billund and VejleEventsRead more about what is happening at and around Randb\u00f8ldal CampingHere you can [&hellip;]<\/p>\n","protected":false},"author":3,"featured_media":801861,"parent":0,"menu_order":0,"comment_status":"closed","ping_status":"closed","template":"","meta":{"_et_pb_use_builder":"on","_et_pb_old_content":"","_et_gb_content_width":"","_price":"","_stock":"","_tribe_ticket_header":"","_tribe_default_ticket_provider":"","_tribe_ticket_capacity":"0","_ticket_start_date":"","_ticket_end_date":"","_tribe_ticket_show_description":"","_tribe_ticket_show_not_going":false,"_tribe_ticket_use_global_stock":"","_tribe_ticket_global_stock_level":"","_global_stock_mode":"","_global_stock_cap":"","_tribe_rsvp_for_event":"","_tribe_ticket_going_count":"","_tribe_ticket_not_going_count":"","_tribe_tickets_list":"[]","_tribe_ticket_has_attendee_info_fields":false,"footnotes":"","_tec_slr_enabled":"","_tec_slr_layout":""},"difl_page_category":[],"class_list":["post-814292","page","type-page","status-publish","has-post-thumbnail","hentry"],"yoast_head":"<!-- This site is optimized with the Yoast SEO plugin v27.4 - https:\/\/yoast.com\/product\/yoast-seo-wordpress\/ -->\n<title>Events - Randb\u00f8ldal Camping<\/title>\n<meta name=\"robots\" content=\"index, follow, max-snippet:-1, max-image-preview:large, max-video-preview:-1\" \/>\n<link rel=\"canonical\" href=\"https:\/\/randboldalcamping.dk\/en\/events\/\" \/>\n<meta property=\"og:locale\" content=\"en_US\" \/>\n<meta property=\"og:type\" content=\"article\" \/>\n<meta property=\"og:title\" content=\"Events - Randb\u00f8ldal Camping\" \/>\n<meta property=\"og:description\" content=\"Events on and around the campsiteCamping holidays in the most beautiful nature - close to Billund and VejleEventsRead more about what is happening at and around Randb\u00f8ldal CampingHere you can [&hellip;]\" \/>\n<meta property=\"og:url\" content=\"https:\/\/randboldalcamping.dk\/en\/events\/\" \/>\n<meta property=\"og:site_name\" content=\"Randb\u00f8ldal Camping\" \/>\n<meta property=\"article:modified_time\" content=\"2024-06-10T07:19:57+00:00\" \/>\n<meta name=\"twitter:card\" content=\"summary_large_image\" \/>\n<meta name=\"twitter:label1\" content=\"Est. reading time\" \/>\n\t<meta name=\"twitter:data1\" content=\"4 minutes\" \/>\n<script type=\"application\/ld+json\" class=\"yoast-schema-graph\">{\"@context\":\"https:\\\/\\\/schema.org\",\"@graph\":[{\"@type\":\"WebPage\",\"@id\":\"https:\\\/\\\/randboldalcamping.dk\\\/en\\\/events\\\/\",\"url\":\"https:\\\/\\\/randboldalcamping.dk\\\/en\\\/events\\\/\",\"name\":\"Events - Randb\u00f8ldal Camping\",\"isPartOf\":{\"@id\":\"https:\\\/\\\/randboldalcamping.dk\\\/en\\\/#website\"},\"primaryImageOfPage\":{\"@id\":\"https:\\\/\\\/randboldalcamping.dk\\\/en\\\/events\\\/#primaryimage\"},\"image\":{\"@id\":\"https:\\\/\\\/randboldalcamping.dk\\\/en\\\/events\\\/#primaryimage\"},\"thumbnailUrl\":\"https:\\\/\\\/randboldalcamping.dk\\\/wp-content\\\/uploads\\\/2023\\\/02\\\/13.jpg\",\"datePublished\":\"2024-05-27T10:55:40+00:00\",\"dateModified\":\"2024-06-10T07:19:57+00:00\",\"breadcrumb\":{\"@id\":\"https:\\\/\\\/randboldalcamping.dk\\\/en\\\/events\\\/#breadcrumb\"},\"inLanguage\":\"en-US\",\"potentialAction\":[{\"@type\":\"ReadAction\",\"target\":[\"https:\\\/\\\/randboldalcamping.dk\\\/en\\\/events\\\/\"]}]},{\"@type\":\"ImageObject\",\"inLanguage\":\"en-US\",\"@id\":\"https:\\\/\\\/randboldalcamping.dk\\\/en\\\/events\\\/#primaryimage\",\"url\":\"https:\\\/\\\/randboldalcamping.dk\\\/wp-content\\\/uploads\\\/2023\\\/02\\\/13.jpg\",\"contentUrl\":\"https:\\\/\\\/randboldalcamping.dk\\\/wp-content\\\/uploads\\\/2023\\\/02\\\/13.jpg\",\"width\":1000,\"height\":800},{\"@type\":\"BreadcrumbList\",\"@id\":\"https:\\\/\\\/randboldalcamping.dk\\\/en\\\/events\\\/#breadcrumb\",\"itemListElement\":[{\"@type\":\"ListItem\",\"position\":1,\"name\":\"Hjem\",\"item\":\"https:\\\/\\\/randboldalcamping.dk\\\/en\\\/\"},{\"@type\":\"ListItem\",\"position\":2,\"name\":\"Events\"}]},{\"@type\":\"WebSite\",\"@id\":\"https:\\\/\\\/randboldalcamping.dk\\\/en\\\/#website\",\"url\":\"https:\\\/\\\/randboldalcamping.dk\\\/en\\\/\",\"name\":\"Randb\u00f8ldal Camping\",\"description\":\"Overnatninger t\u00e6t p\u00e5 Billund og Vejle\",\"potentialAction\":[{\"@type\":\"SearchAction\",\"target\":{\"@type\":\"EntryPoint\",\"urlTemplate\":\"https:\\\/\\\/randboldalcamping.dk\\\/en\\\/?s={search_term_string}\"},\"query-input\":{\"@type\":\"PropertyValueSpecification\",\"valueRequired\":true,\"valueName\":\"search_term_string\"}}],\"inLanguage\":\"en-US\"}]}<\/script>\n<!-- \/ Yoast SEO plugin. -->","yoast_head_json":{"title":"Events - Randb\u00f8ldal Camping","robots":{"index":"index","follow":"follow","max-snippet":"max-snippet:-1","max-image-preview":"max-image-preview:large","max-video-preview":"max-video-preview:-1"},"canonical":"https:\/\/randboldalcamping.dk\/en\/events\/","og_locale":"en_US","og_type":"article","og_title":"Events - Randb\u00f8ldal Camping","og_description":"Events on and around the campsiteCamping holidays in the most beautiful nature - close to Billund and VejleEventsRead more about what is happening at and around Randb\u00f8ldal CampingHere you can [&hellip;]","og_url":"https:\/\/randboldalcamping.dk\/en\/events\/","og_site_name":"Randb\u00f8ldal Camping","article_modified_time":"2024-06-10T07:19:57+00:00","twitter_card":"summary_large_image","twitter_misc":{"Est. reading time":"4 minutes"},"schema":{"@context":"https:\/\/schema.org","@graph":[{"@type":"WebPage","@id":"https:\/\/randboldalcamping.dk\/en\/events\/","url":"https:\/\/randboldalcamping.dk\/en\/events\/","name":"Events - Randb\u00f8ldal Camping","isPartOf":{"@id":"https:\/\/randboldalcamping.dk\/en\/#website"},"primaryImageOfPage":{"@id":"https:\/\/randboldalcamping.dk\/en\/events\/#primaryimage"},"image":{"@id":"https:\/\/randboldalcamping.dk\/en\/events\/#primaryimage"},"thumbnailUrl":"https:\/\/randboldalcamping.dk\/wp-content\/uploads\/2023\/02\/13.jpg","datePublished":"2024-05-27T10:55:40+00:00","dateModified":"2024-06-10T07:19:57+00:00","breadcrumb":{"@id":"https:\/\/randboldalcamping.dk\/en\/events\/#breadcrumb"},"inLanguage":"en-US","potentialAction":[{"@type":"ReadAction","target":["https:\/\/randboldalcamping.dk\/en\/events\/"]}]},{"@type":"ImageObject","inLanguage":"en-US","@id":"https:\/\/randboldalcamping.dk\/en\/events\/#primaryimage","url":"https:\/\/randboldalcamping.dk\/wp-content\/uploads\/2023\/02\/13.jpg","contentUrl":"https:\/\/randboldalcamping.dk\/wp-content\/uploads\/2023\/02\/13.jpg","width":1000,"height":800},{"@type":"BreadcrumbList","@id":"https:\/\/randboldalcamping.dk\/en\/events\/#breadcrumb","itemListElement":[{"@type":"ListItem","position":1,"name":"Hjem","item":"https:\/\/randboldalcamping.dk\/en\/"},{"@type":"ListItem","position":2,"name":"Events"}]},{"@type":"WebSite","@id":"https:\/\/randboldalcamping.dk\/en\/#website","url":"https:\/\/randboldalcamping.dk\/en\/","name":"Randb\u00f8ldal Camping","description":"Overnatninger t\u00e6t p\u00e5 Billund og Vejle","potentialAction":[{"@type":"SearchAction","target":{"@type":"EntryPoint","urlTemplate":"https:\/\/randboldalcamping.dk\/en\/?s={search_term_string}"},"query-input":{"@type":"PropertyValueSpecification","valueRequired":true,"valueName":"search_term_string"}}],"inLanguage":"en-US"}]}},"publishpress_future_action":{"enabled":false,"date":"2026-05-01 15:31:06","action":"change-status","newStatus":"draft","terms":[],"taxonomy":"translation_priority","extraData":[]},"publishpress_future_workflow_manual_trigger":{"enabledWorkflows":[]},"ticketed":false,"_links":{"self":[{"href":"https:\/\/randboldalcamping.dk\/en\/wp-json\/wp\/v2\/pages\/814292","targetHints":{"allow":["GET"]}}],"collection":[{"href":"https:\/\/randboldalcamping.dk\/en\/wp-json\/wp\/v2\/pages"}],"about":[{"href":"https:\/\/randboldalcamping.dk\/en\/wp-json\/wp\/v2\/types\/page"}],"author":[{"embeddable":true,"href":"https:\/\/randboldalcamping.dk\/en\/wp-json\/wp\/v2\/users\/3"}],"replies":[{"embeddable":true,"href":"https:\/\/randboldalcamping.dk\/en\/wp-json\/wp\/v2\/comments?post=814292"}],"version-history":[{"count":19,"href":"https:\/\/randboldalcamping.dk\/en\/wp-json\/wp\/v2\/pages\/814292\/revisions"}],"predecessor-version":[{"id":814501,"href":"https:\/\/randboldalcamping.dk\/en\/wp-json\/wp\/v2\/pages\/814292\/revisions\/814501"}],"wp:featuredmedia":[{"embeddable":true,"href":"https:\/\/randboldalcamping.dk\/en\/wp-json\/wp\/v2\/media\/801861"}],"wp:attachment":[{"href":"https:\/\/randboldalcamping.dk\/en\/wp-json\/wp\/v2\/media?parent=814292"}],"wp:term":[{"taxonomy":"difl_page_category","embeddable":true,"href":"https:\/\/randboldalcamping.dk\/en\/wp-json\/wp\/v2\/difl_page_category?post=814292"}],"curies":[{"name":"wp","href":"https:\/\/api.w.org\/{rel}","templated":true}]}}