{"id":802771,"date":"2023-02-23T09:00:04","date_gmt":"2023-02-23T08:00:04","guid":{"rendered":"https:\/\/randboldalcamping.dk\/mini-market\/"},"modified":"2023-06-21T11:42:10","modified_gmt":"2023-06-21T10:42:10","slug":"mini-market","status":"publish","type":"page","link":"https:\/\/randboldalcamping.dk\/en\/mini-market\/","title":{"rendered":"Mini-market"},"content":{"rendered":"<p>[et_pb_section fb_built=&#8221;1&#8243; _builder_version=&#8221;4.20.0&#8243; background_color=&#8221;rgba(144,24,29,0)&#8221; custom_padding=&#8221;0px||0px||true|&#8221; global_colors_info=&#8221;{}&#8221;][et_pb_row column_structure=&#8221;1_4,1_4,1_2&#8243; use_custom_gutter=&#8221;on&#8221; gutter_width=&#8221;1&#8243; make_equal=&#8221;on&#8221; _builder_version=&#8221;4.20.0&#8243; background_color=&#8221;rgba(144,24,29,0)&#8221; width=&#8221;100%&#8221; max_width=&#8221;100%&#8221; custom_padding=&#8221;0px||0px||true|false&#8221; global_colors_info=&#8221;{}&#8221;][et_pb_column type=&#8221;1_4&#8243; _builder_version=&#8221;4.19.4&#8243; background_color=&#8221;#54B6BD&#8221; border_width_right=&#8221;10px&#8221; border_color_right=&#8221;#FFFFFF&#8221; border_width_right_tablet=&#8221;&#8221; border_width_right_phone=&#8221;0px&#8221; border_width_right_last_edited=&#8221;on|phone&#8221; border_width_bottom_tablet=&#8221;&#8221; border_width_bottom_phone=&#8221;10px&#8221; border_width_bottom_last_edited=&#8221;on|phone&#8221; border_color_bottom_tablet=&#8221;&#8221; border_color_bottom_phone=&#8221;#ffffff&#8221; border_color_bottom_last_edited=&#8221;on|phone&#8221; global_colors_info=&#8221;{}&#8221;][et_pb_divider show_divider=&#8221;off&#8221; _builder_version=&#8221;4.20.0&#8243; background_image=&#8221;https:\/\/randboldalcamping.dk\/wp-content\/uploads\/2023\/02\/Butikken-ligger-lige-ved-indgangen-til-campingpladsen.jpg&#8221; background_enable_video_mp4=&#8221;off&#8221; custom_padding=&#8221;42%||42%||true|false&#8221; border_color_top=&#8221;#FFFFFF&#8221; border_width_bottom=&#8221;10px&#8221; border_color_bottom=&#8221;#FFFFFF&#8221; global_colors_info=&#8221;{}&#8221;][\/et_pb_divider][et_pb_image src=&#8221;https:\/\/randboldalcamping.dk\/wp-content\/uploads\/2023\/01\/Artboard-20.png&#8221; title_text=&#8221;Randb\u00f8ldal Camping &#8211; Green camping&#8221; url=&#8221;@ET-DC@eyJkeW5hbWljIjp0cnVlLCJjb250ZW50IjoiaG9tZV91cmwiLCJzZXR0aW5ncyI6e319@&#8221; admin_label=&#8221;Logo til undersider&#8221; _builder_version=&#8221;4.20.2&#8243; _dynamic_attributes=&#8221;url&#8221; _module_preset=&#8221;default&#8221; positioning=&#8221;absolute&#8221; position_origin_a=&#8221;top_center&#8221; vertical_offset=&#8221;150px&#8221; horizontal_offset=&#8221;19px&#8221; z_index=&#8221;189&#8243; width=&#8221;70%&#8221; global_module=&#8221;799441&#8243; global_colors_info=&#8221;{}&#8221;][\/et_pb_image][et_pb_text _builder_version=&#8221;4.20.0&#8243; text_font=&#8221;||||||||&#8221; text_text_color=&#8221;#FFFFFF&#8221; text_font_size=&#8221;25px&#8221; text_line_height=&#8221;1.4em&#8221; header_2_font=&#8221;||||||||&#8221; header_2_text_color=&#8221;#FFFFFF&#8221; custom_padding=&#8221;70px|50px||50px|false|true&#8221; global_colors_info=&#8221;{}&#8221;]<\/p>\n<h2>We have everything you need<\/h2>\n<p>[\/et_pb_text][et_pb_text _builder_version=&#8221;4.20.0&#8243; text_font=&#8221;||||||||&#8221; text_text_color=&#8221;#ffffff&#8221; text_font_size=&#8221;18px&#8221; text_line_height=&#8221;1.8em&#8221; custom_padding=&#8221;20px|50px||50px|false|true&#8221; global_colors_info=&#8221;{}&#8221;]<\/p>\n<p>Including breakfast bread, drinks, sweets and crisps<\/p>\n<p>[\/et_pb_text][et_pb_button button_url=&#8221;#aabningstiderbutik&#8221; button_text=&#8221;Mini-market opening hours&#8221; _builder_version=&#8221;4.20.2&#8243; custom_button=&#8221;on&#8221; button_text_size=&#8221;14px&#8221; button_bg_color=&#8221;rgba(255,94,20,0)&#8221; button_border_width=&#8221;0px&#8221; button_border_color=&#8221;#74B83E&#8221; button_border_radius=&#8221;0px&#8221; button_font=&#8221;|500|||||||&#8221; button_icon=&#8221;&#x3d;||divi||400&#8243; button_on_hover=&#8221;off&#8221; position_origin_a=&#8221;top_center&#8221; horizontal_offset=&#8221;49px&#8221; background_layout=&#8221;dark&#8221; custom_margin=&#8221;20px||||false|false&#8221; custom_padding=&#8221;20px|50px|20px|50px|true|true&#8221; global_colors_info=&#8221;{}&#8221; button_text_color__hover_enabled=&#8221;on|desktop&#8221; button_text_color__hover=&#8221;#0E204C&#8221; button_bg_color__hover_enabled=&#8221;on&#8221; button_bg_color__hover=&#8221;rgba(14,32,76,0)&#8221; button_bg_enable_color__hover=&#8221;on&#8221; button_border_color__hover_enabled=&#8221;on&#8221; button_border_color__hover=&#8221;#0E204C&#8221; button_letter_spacing__hover_enabled=&#8221;on&#8221; button_letter_spacing__hover=&#8221;0px&#8221;][\/et_pb_button][\/et_pb_column][et_pb_column type=&#8221;1_4&#8243; _builder_version=&#8221;4.19.4&#8243; background_color=&#8221;#74B83E&#8221; border_width_top_tablet=&#8221;&#8221; border_width_top_phone=&#8221;0px&#8221; border_width_top_last_edited=&#8221;on|phone&#8221; border_color_top_tablet=&#8221;&#8221; border_color_top_phone=&#8221;#ffffff&#8221; border_color_top_last_edited=&#8221;on|phone&#8221; border_width_bottom_tablet=&#8221;&#8221; border_width_bottom_phone=&#8221;10px&#8221; border_width_bottom_last_edited=&#8221;on|phone&#8221; border_color_bottom_tablet=&#8221;&#8221; border_color_bottom_phone=&#8221;#ffffff&#8221; border_color_bottom_last_edited=&#8221;on|phone&#8221; global_colors_info=&#8221;{}&#8221;][et_pb_text _builder_version=&#8221;4.20.0&#8243; text_font=&#8221;||||||||&#8221; text_text_color=&#8221;#FFFFFF&#8221; text_font_size=&#8221;25px&#8221; text_line_height=&#8221;1.4em&#8221; header_2_font=&#8221;||||||||&#8221; header_2_text_color=&#8221;#FFFFFF&#8221; custom_padding=&#8221;130px|50px||50px|false|true&#8221; global_colors_info=&#8221;{}&#8221;]<\/p>\n<h2>Shopping opportunities  <\/h2>\n<p>[\/et_pb_text][et_pb_text _builder_version=&#8221;4.20.0&#8243; text_font=&#8221;||||||||&#8221; text_text_color=&#8221;#FFFFFF&#8221; text_font_size=&#8221;18px&#8221; text_line_height=&#8221;1.8em&#8221; custom_padding=&#8221;20px|50px||50px|false|true&#8221; global_colors_info=&#8221;{}&#8221;]<\/p>\n<p>Our shop is located at the entrance of the campsite<\/p>\n<p>[\/et_pb_text][et_pb_button button_url=&#8221;#aabningstiderbutik&#8221; button_text=&#8221;Mini-market opening hours&#8221; _builder_version=&#8221;4.20.2&#8243; custom_button=&#8221;on&#8221; button_text_size=&#8221;14px&#8221; button_bg_color=&#8221;rgba(255,94,20,0)&#8221; button_border_width=&#8221;0px&#8221; button_border_color=&#8221;#74B83E&#8221; button_border_radius=&#8221;0px&#8221; button_font=&#8221;|500|||||||&#8221; button_icon=&#8221;&#x3d;||divi||400&#8243; button_on_hover=&#8221;off&#8221; position_origin_a=&#8221;top_center&#8221; horizontal_offset=&#8221;49px&#8221; background_layout=&#8221;dark&#8221; custom_margin=&#8221;20px||20px||true&#8221; custom_padding=&#8221;20px|50px|20px|50px|true|true&#8221; global_colors_info=&#8221;{}&#8221; button_text_color__hover_enabled=&#8221;on|desktop&#8221; button_text_color__hover=&#8221;#0E204C&#8221; button_bg_color__hover_enabled=&#8221;on&#8221; button_bg_color__hover=&#8221;rgba(14,32,76,0)&#8221; button_bg_enable_color__hover=&#8221;on&#8221; button_border_color__hover_enabled=&#8221;on&#8221; button_border_color__hover=&#8221;#0E204C&#8221; button_letter_spacing__hover_enabled=&#8221;on&#8221; button_letter_spacing__hover=&#8221;0px&#8221;][\/et_pb_button][et_pb_button _builder_version=&#8221;4.19.4&#8243; _module_preset=&#8221;default&#8221; global_colors_info=&#8221;{}&#8221;][\/et_pb_button][et_pb_divider show_divider=&#8221;off&#8221; _builder_version=&#8221;4.20.0&#8243; background_image=&#8221;https:\/\/randboldalcamping.dk\/wp-content\/uploads\/2023\/02\/19.jpg&#8221; custom_padding=&#8221;42%||42%||true|false&#8221; border_width_top=&#8221;10px&#8221; border_color_top=&#8221;#FFFFFF&#8221; global_colors_info=&#8221;{}&#8221;][\/et_pb_divider][\/et_pb_column][et_pb_column type=&#8221;1_2&#8243; disabled_on=&#8221;off|off|off&#8221; _builder_version=&#8221;4.20.0&#8243; background_image=&#8221;https:\/\/randboldalcamping.dk\/wp-content\/uploads\/2023\/01\/45.jpg&#8221; background_enable_video_mp4=&#8221;off&#8221; border_width_left=&#8221;10px&#8221; border_color_left=&#8221;#FFFFFF&#8221; border_width_top_tablet=&#8221;10px&#8221; border_width_top_phone=&#8221;0px&#8221; border_width_top_last_edited=&#8221;on|tablet&#8221; border_color_top_tablet=&#8221;#ffffff&#8221; border_color_top_phone=&#8221;&#8221; border_color_top_last_edited=&#8221;on|tablet&#8221; border_width_left_tablet=&#8221;0px&#8221; border_width_left_phone=&#8221;0px&#8221; border_width_left_last_edited=&#8221;on|phone&#8221; global_colors_info=&#8221;{}&#8221;][et_pb_divider show_divider=&#8221;off&#8221; disabled_on=&#8221;off|off|on&#8221; _builder_version=&#8221;4.20.0&#8243; custom_padding=&#8221;30%||30%||true|false&#8221; global_colors_info=&#8221;{}&#8221;][\/et_pb_divider][\/et_pb_column][\/et_pb_row][\/et_pb_section][et_pb_section fb_built=&#8221;1&#8243; _builder_version=&#8221;4.19.4&#8243; _module_preset=&#8221;default&#8221; global_colors_info=&#8221;{}&#8221;][et_pb_row column_structure=&#8221;2_5,3_5&#8243; _builder_version=&#8221;4.20.0&#8243; _module_preset=&#8221;default&#8221; max_width=&#8221;1260px&#8221; global_colors_info=&#8221;{}&#8221;][et_pb_column type=&#8221;2_5&#8243; _builder_version=&#8221;4.20.0&#8243; _module_preset=&#8221;default&#8221; global_colors_info=&#8221;{}&#8221;][et_pb_image src=&#8221;https:\/\/randboldalcamping.dk\/wp-content\/uploads\/2023\/02\/Randboeldal-campings-groenne-hjerte.png&#8221; title_text=&#8221;The green heart of Randb\u00f8ldal camping&#8221; _builder_version=&#8221;4.20.0&#8243; _module_preset=&#8221;default&#8221; global_colors_info=&#8221;{}&#8221;][\/et_pb_image][\/et_pb_column][et_pb_column type=&#8221;3_5&#8243; _builder_version=&#8221;4.20.0&#8243; _module_preset=&#8221;default&#8221; global_colors_info=&#8221;{}&#8221;][et_pb_text _builder_version=&#8221;4.21.0&#8243; header_font=&#8221;Poppins|700|||||||&#8221; header_text_align=&#8221;center&#8221; header_text_color=&#8221;#000000&#8243; header_font_size=&#8221;35px&#8221; header_line_height=&#8221;1.3em&#8221; header_2_text_align=&#8221;center&#8221; header_2_font_size=&#8221;41px&#8221; module_alignment=&#8221;left&#8221; header_font_size_tablet=&#8221;&#8221; header_font_size_phone=&#8221;30px&#8221; header_font_size_last_edited=&#8221;on|desktop&#8221; header_2_font_size_tablet=&#8221;41px&#8221; header_2_font_size_phone=&#8221;32px&#8221; header_2_font_size_last_edited=&#8221;on|phone&#8221; global_colors_info=&#8221;{}&#8221;]<\/p>\n<h2 style=\"text-align: left;\">Right at the entrance<br \/>you will find our mini-market<\/h2>\n<p>[\/et_pb_text][et_pb_text module_id=&#8221;aabningstiderbutik&#8221; _builder_version=&#8221;4.20.0&#8243; _module_preset=&#8221;default&#8221; global_colors_info=&#8221;{}&#8221;]<\/p>\n<p>Shopping facilities are just outside the tent canvas. Our shop is located at the entrance to the campsite and we have everything you need for your vacation, including bread, drinks, sweets and chips to sweeten your days.<\/p>\n<p>You can pick up bread and rolls freshly baked, straight from the oven. We have plain bread, teebirkes and other traditional Danish baked goods. You can also order bread the day before, which we recommend doing in high season.<\/p>\n<p>[\/et_pb_text][et_pb_text _builder_version=&#8221;4.20.0&#8243; _module_preset=&#8221;default&#8221; global_colors_info=&#8221;{}&#8221;]<\/p>\n<h3>Opening hours of the shop<\/h3>\n<p>During the summer season, our shop is open every day from 8:00 to 21:00. In winter the shop is closed, but then the nearest shopping facilities are only 3 km from the campsite itself.<\/p>\n<p>[\/et_pb_text][\/et_pb_column][\/et_pb_row][\/et_pb_section]<\/p>\n","protected":false},"excerpt":{"rendered":"<p>We have everything you needIncluding breakfast bread, drinks, sweets and crispsShopping opportunities Our shop is located at the entrance of the campsiteRight at the entranceyou will find our mini-marketShopping facilities [&hellip;]<\/p>\n","protected":false},"author":3,"featured_media":0,"parent":0,"menu_order":0,"comment_status":"closed","ping_status":"closed","template":"","meta":{"_et_pb_use_builder":"on","_et_pb_old_content":"","_et_gb_content_width":"","_price":"","_stock":"","_tribe_ticket_header":"","_tribe_default_ticket_provider":"","_tribe_ticket_capacity":"0","_ticket_start_date":"","_ticket_end_date":"","_tribe_ticket_show_description":"","_tribe_ticket_show_not_going":false,"_tribe_ticket_use_global_stock":"","_tribe_ticket_global_stock_level":"","_global_stock_mode":"","_global_stock_cap":"","_tribe_rsvp_for_event":"","_tribe_ticket_going_count":"","_tribe_ticket_not_going_count":"","_tribe_tickets_list":"[]","_tribe_ticket_has_attendee_info_fields":false,"footnotes":"","_tec_slr_enabled":"","_tec_slr_layout":""},"difl_page_category":[],"class_list":["post-802771","page","type-page","status-publish","hentry"],"yoast_head":"<!-- This site is optimized with the Yoast SEO plugin v27.3 - https:\/\/yoast.com\/product\/yoast-seo-wordpress\/ -->\n<title>Mini-market - Randb\u00f8ldal Camping<\/title>\n<meta name=\"robots\" content=\"index, follow, max-snippet:-1, max-image-preview:large, max-video-preview:-1\" \/>\n<link rel=\"canonical\" href=\"https:\/\/randboldalcamping.dk\/en\/mini-market\/\" \/>\n<meta property=\"og:locale\" content=\"en_US\" \/>\n<meta property=\"og:type\" content=\"article\" \/>\n<meta property=\"og:title\" content=\"Mini-market - Randb\u00f8ldal Camping\" \/>\n<meta property=\"og:description\" content=\"We have everything you needIncluding breakfast bread, drinks, sweets and crispsShopping opportunities Our shop is located at the entrance of the campsiteRight at the entranceyou will find our mini-marketShopping facilities [&hellip;]\" \/>\n<meta property=\"og:url\" content=\"https:\/\/randboldalcamping.dk\/en\/mini-market\/\" \/>\n<meta property=\"og:site_name\" content=\"Randb\u00f8ldal Camping\" \/>\n<meta property=\"article:modified_time\" content=\"2023-06-21T10:42:10+00:00\" \/>\n<meta name=\"twitter:card\" content=\"summary_large_image\" \/>\n<meta name=\"twitter:label1\" content=\"Est. reading time\" \/>\n\t<meta name=\"twitter:data1\" content=\"6 minutes\" \/>\n<script type=\"application\/ld+json\" class=\"yoast-schema-graph\">{\"@context\":\"https:\\\/\\\/schema.org\",\"@graph\":[{\"@type\":\"WebPage\",\"@id\":\"https:\\\/\\\/randboldalcamping.dk\\\/en\\\/mini-market\\\/\",\"url\":\"https:\\\/\\\/randboldalcamping.dk\\\/en\\\/mini-market\\\/\",\"name\":\"Mini-market - Randb\u00f8ldal Camping\",\"isPartOf\":{\"@id\":\"https:\\\/\\\/randboldalcamping.dk\\\/en\\\/#website\"},\"datePublished\":\"2023-02-23T08:00:04+00:00\",\"dateModified\":\"2023-06-21T10:42:10+00:00\",\"breadcrumb\":{\"@id\":\"https:\\\/\\\/randboldalcamping.dk\\\/en\\\/mini-market\\\/#breadcrumb\"},\"inLanguage\":\"en-US\",\"potentialAction\":[{\"@type\":\"ReadAction\",\"target\":[\"https:\\\/\\\/randboldalcamping.dk\\\/en\\\/mini-market\\\/\"]}]},{\"@type\":\"BreadcrumbList\",\"@id\":\"https:\\\/\\\/randboldalcamping.dk\\\/en\\\/mini-market\\\/#breadcrumb\",\"itemListElement\":[{\"@type\":\"ListItem\",\"position\":1,\"name\":\"Hjem\",\"item\":\"https:\\\/\\\/randboldalcamping.dk\\\/en\\\/\"},{\"@type\":\"ListItem\",\"position\":2,\"name\":\"Mini-market\"}]},{\"@type\":\"WebSite\",\"@id\":\"https:\\\/\\\/randboldalcamping.dk\\\/en\\\/#website\",\"url\":\"https:\\\/\\\/randboldalcamping.dk\\\/en\\\/\",\"name\":\"Randb\u00f8ldal Camping\",\"description\":\"Overnatninger t\u00e6t p\u00e5 Billund og Vejle\",\"potentialAction\":[{\"@type\":\"SearchAction\",\"target\":{\"@type\":\"EntryPoint\",\"urlTemplate\":\"https:\\\/\\\/randboldalcamping.dk\\\/en\\\/?s={search_term_string}\"},\"query-input\":{\"@type\":\"PropertyValueSpecification\",\"valueRequired\":true,\"valueName\":\"search_term_string\"}}],\"inLanguage\":\"en-US\"}]}<\/script>\n<!-- \/ Yoast SEO plugin. -->","yoast_head_json":{"title":"Mini-market - Randb\u00f8ldal Camping","robots":{"index":"index","follow":"follow","max-snippet":"max-snippet:-1","max-image-preview":"max-image-preview:large","max-video-preview":"max-video-preview:-1"},"canonical":"https:\/\/randboldalcamping.dk\/en\/mini-market\/","og_locale":"en_US","og_type":"article","og_title":"Mini-market - Randb\u00f8ldal Camping","og_description":"We have everything you needIncluding breakfast bread, drinks, sweets and crispsShopping opportunities Our shop is located at the entrance of the campsiteRight at the entranceyou will find our mini-marketShopping facilities [&hellip;]","og_url":"https:\/\/randboldalcamping.dk\/en\/mini-market\/","og_site_name":"Randb\u00f8ldal Camping","article_modified_time":"2023-06-21T10:42:10+00:00","twitter_card":"summary_large_image","twitter_misc":{"Est. reading time":"6 minutes"},"schema":{"@context":"https:\/\/schema.org","@graph":[{"@type":"WebPage","@id":"https:\/\/randboldalcamping.dk\/en\/mini-market\/","url":"https:\/\/randboldalcamping.dk\/en\/mini-market\/","name":"Mini-market - Randb\u00f8ldal Camping","isPartOf":{"@id":"https:\/\/randboldalcamping.dk\/en\/#website"},"datePublished":"2023-02-23T08:00:04+00:00","dateModified":"2023-06-21T10:42:10+00:00","breadcrumb":{"@id":"https:\/\/randboldalcamping.dk\/en\/mini-market\/#breadcrumb"},"inLanguage":"en-US","potentialAction":[{"@type":"ReadAction","target":["https:\/\/randboldalcamping.dk\/en\/mini-market\/"]}]},{"@type":"BreadcrumbList","@id":"https:\/\/randboldalcamping.dk\/en\/mini-market\/#breadcrumb","itemListElement":[{"@type":"ListItem","position":1,"name":"Hjem","item":"https:\/\/randboldalcamping.dk\/en\/"},{"@type":"ListItem","position":2,"name":"Mini-market"}]},{"@type":"WebSite","@id":"https:\/\/randboldalcamping.dk\/en\/#website","url":"https:\/\/randboldalcamping.dk\/en\/","name":"Randb\u00f8ldal Camping","description":"Overnatninger t\u00e6t p\u00e5 Billund og Vejle","potentialAction":[{"@type":"SearchAction","target":{"@type":"EntryPoint","urlTemplate":"https:\/\/randboldalcamping.dk\/en\/?s={search_term_string}"},"query-input":{"@type":"PropertyValueSpecification","valueRequired":true,"valueName":"search_term_string"}}],"inLanguage":"en-US"}]}},"publishpress_future_action":{"enabled":false,"date":"2026-04-21 08:13:40","action":"change-status","newStatus":"draft","terms":[],"taxonomy":"translation_priority","extraData":[]},"publishpress_future_workflow_manual_trigger":{"enabledWorkflows":[]},"ticketed":false,"_links":{"self":[{"href":"https:\/\/randboldalcamping.dk\/en\/wp-json\/wp\/v2\/pages\/802771","targetHints":{"allow":["GET"]}}],"collection":[{"href":"https:\/\/randboldalcamping.dk\/en\/wp-json\/wp\/v2\/pages"}],"about":[{"href":"https:\/\/randboldalcamping.dk\/en\/wp-json\/wp\/v2\/types\/page"}],"author":[{"embeddable":true,"href":"https:\/\/randboldalcamping.dk\/en\/wp-json\/wp\/v2\/users\/3"}],"replies":[{"embeddable":true,"href":"https:\/\/randboldalcamping.dk\/en\/wp-json\/wp\/v2\/comments?post=802771"}],"version-history":[{"count":8,"href":"https:\/\/randboldalcamping.dk\/en\/wp-json\/wp\/v2\/pages\/802771\/revisions"}],"predecessor-version":[{"id":812231,"href":"https:\/\/randboldalcamping.dk\/en\/wp-json\/wp\/v2\/pages\/802771\/revisions\/812231"}],"wp:attachment":[{"href":"https:\/\/randboldalcamping.dk\/en\/wp-json\/wp\/v2\/media?parent=802771"}],"wp:term":[{"taxonomy":"difl_page_category","embeddable":true,"href":"https:\/\/randboldalcamping.dk\/en\/wp-json\/wp\/v2\/difl_page_category?post=802771"}],"curies":[{"name":"wp","href":"https:\/\/api.w.org\/{rel}","templated":true}]}}