{"id":814293,"date":"2024-05-27T11:55:40","date_gmt":"2024-05-27T10:55:40","guid":{"rendered":"https:\/\/randboldalcamping.dk\/?page_id=814293"},"modified":"2024-06-10T08:20:56","modified_gmt":"2024-06-10T07:20:56","slug":"events","status":"publish","type":"page","link":"https:\/\/randboldalcamping.dk\/de\/events\/","title":{"rendered":"Events"},"content":{"rendered":"<p>[et_pb_section fb_built=&#8220;1&#8243; _builder_version=&#8220;4.20.0&#8243; background_color=&#8220;rgba(144,24,29,0)&#8220; position_origin_a=&#8220;top_center&#8220; custom_padding=&#8220;0px||0px||true|false&#8220; global_colors_info=&#8220;{}&#8220;][et_pb_row column_structure=&#8220;1_4,1_4,1_2&#8243; use_custom_gutter=&#8220;on&#8220; gutter_width=&#8220;1&#8243; make_equal=&#8220;on&#8220; _builder_version=&#8220;4.25.1&#8243; background_color=&#8220;rgba(144,24,29,0)&#8220; positioning=&#8220;none&#8220; position_origin_a=&#8220;top_center&#8220; width=&#8220;100%&#8220; max_width=&#8220;100%&#8220; custom_margin=&#8220;||||false|false&#8220; custom_padding=&#8220;0px||0px||false|false&#8220; global_colors_info=&#8220;{}&#8220;][et_pb_column type=&#8220;1_4&#8243; _builder_version=&#8220;4.20.0&#8243; background_color=&#8220;#54b6bd&#8220; border_width_right=&#8220;10px&#8220; border_color_right=&#8220;#FFFFFF&#8220; border_width_right_tablet=&#8220;&#8220; border_width_right_phone=&#8220;0px&#8220; border_width_right_last_edited=&#8220;on|phone&#8220; border_width_bottom_tablet=&#8220;&#8220; border_width_bottom_phone=&#8220;10px&#8220; border_width_bottom_last_edited=&#8220;on|phone&#8220; border_color_bottom_tablet=&#8220;&#8220; border_color_bottom_phone=&#8220;#ffffff&#8220; border_color_bottom_last_edited=&#8220;on|phone&#8220; global_colors_info=&#8220;{}&#8220;][et_pb_divider show_divider=&#8220;off&#8220; _builder_version=&#8220;4.25.1&#8243; background_image=&#8220;https:\/\/randboldalcamping.dk\/wp-content\/uploads\/2024\/05\/Naturvandring-Randboldal-1.jpg&#8220; background_enable_video_mp4=&#8220;off&#8220; custom_padding=&#8220;42%||42%||true|false&#8220; border_color_top=&#8220;#FFFFFF&#8220; border_width_bottom=&#8220;10px&#8220; border_color_bottom=&#8220;#FFFFFF&#8220; global_colors_info=&#8220;{}&#8220;][\/et_pb_divider][et_pb_image src=&#8220;https:\/\/randboldalcamping.dk\/wp-content\/uploads\/2023\/01\/Artboard-20.png&#8220; title_text=&#8220;Randb\u00f8ldal Camping &#8211; Gr\u00fcnes Camping&#8220; url=&#8220;@ET-DC@eyJkeW5hbWljIjp0cnVlLCJjb250ZW50IjoiaG9tZV91cmwiLCJzZXR0aW5ncyI6e319@&#8220; admin_label=&#8220;Logo til undersider&#8220; _builder_version=&#8220;4.25.0&#8243; _dynamic_attributes=&#8220;url&#8220; _module_preset=&#8220;default&#8220; positioning=&#8220;absolute&#8220; position_origin_a=&#8220;top_center&#8220; vertical_offset=&#8220;150px&#8220; horizontal_offset=&#8220;19px&#8220; z_index=&#8220;189&#8243; width=&#8220;70%&#8220; global_module=&#8220;799441&#8243; global_colors_info=&#8220;{}&#8220;][\/et_pb_image][et_pb_text _builder_version=&#8220;4.25.1&#8243; text_font=&#8220;||||||||&#8220; text_text_color=&#8220;#FFFFFF&#8220; text_font_size=&#8220;25px&#8220; text_line_height=&#8220;1.4em&#8220; header_2_font=&#8220;||||||||&#8220; header_2_text_color=&#8220;#FFFFFF&#8220; custom_padding=&#8220;70px|50px||50px|false|true&#8220; global_colors_info=&#8220;{}&#8220;]<\/p>\n<h2>Veranstaltungen auf und rund um den Campingplatz<\/h2>\n<p>[\/et_pb_text][et_pb_text _builder_version=&#8220;4.25.1&#8243; text_font=&#8220;||||||||&#8220; text_text_color=&#8220;#ffffff&#8220; text_font_size=&#8220;18px&#8220; text_line_height=&#8220;1.8em&#8220; custom_padding=&#8220;20px|50px||50px|false|true&#8220; global_colors_info=&#8220;{}&#8220;]<\/p>\n<p>Campingurlaub in sch\u00f6nster Natur  <br \/>&#8211; in der N\u00e4he von Billund und Vejle<\/p>\n<p>[\/et_pb_text][et_pb_divider show_divider=&#8220;off&#8220; _builder_version=&#8220;4.25.1&#8243; _module_preset=&#8220;default&#8220; custom_padding=&#8220;10px||10px||true|false&#8220; global_colors_info=&#8220;{}&#8220;][\/et_pb_divider][\/et_pb_column][et_pb_column type=&#8220;1_4&#8243; _builder_version=&#8220;4.20.0&#8243; background_color=&#8220;#74B83E&#8220; border_width_top_tablet=&#8220;&#8220; border_width_top_phone=&#8220;0px&#8220; border_width_top_last_edited=&#8220;on|phone&#8220; border_color_top_tablet=&#8220;&#8220; border_color_top_phone=&#8220;#ffffff&#8220; border_color_top_last_edited=&#8220;on|phone&#8220; border_width_bottom_tablet=&#8220;&#8220; border_width_bottom_phone=&#8220;10px&#8220; border_width_bottom_last_edited=&#8220;on|phone&#8220; border_color_bottom_tablet=&#8220;&#8220; border_color_bottom_phone=&#8220;#ffffff&#8220; border_color_bottom_last_edited=&#8220;on|phone&#8220; global_colors_info=&#8220;{}&#8220;][et_pb_text _builder_version=&#8220;4.25.1&#8243; text_font=&#8220;||||||||&#8220; text_text_color=&#8220;#FFFFFF&#8220; text_font_size=&#8220;25px&#8220; text_line_height=&#8220;1.4em&#8220; header_2_font=&#8220;||||||||&#8220; header_2_text_color=&#8220;#FFFFFF&#8220; custom_padding=&#8220;88px|50px||50px|false|true&#8220; global_colors_info=&#8220;{}&#8220;]<\/p>\n<h2>Das k\u00f6nnen Sie bei uns erleben<\/h2>\n<p>[\/et_pb_text][et_pb_text _builder_version=&#8220;4.25.1&#8243; text_font=&#8220;||||||||&#8220; text_text_color=&#8220;#FFFFFF&#8220; text_font_size=&#8220;18px&#8220; text_line_height=&#8220;1.8em&#8220; custom_padding=&#8220;20px|50px||50px|false|true&#8220; global_colors_info=&#8220;{}&#8220;]<\/p>\n<p>Lesen Sie mehr dar\u00fcber, was auf und um Randb\u00f8ldal Camping passiert<\/p>\n<p>[\/et_pb_text][et_pb_divider show_divider=&#8220;off&#8220; _builder_version=&#8220;4.25.1&#8243; _module_preset=&#8220;default&#8220; custom_padding=&#8220;10px||10px||true|false&#8220; global_colors_info=&#8220;{}&#8220;][\/et_pb_divider][et_pb_button _builder_version=&#8220;4.19.4&#8243; _module_preset=&#8220;default&#8220; global_colors_info=&#8220;{}&#8220;][\/et_pb_button][et_pb_divider show_divider=&#8220;off&#8220; _builder_version=&#8220;4.25.1&#8243; background_image=&#8220;https:\/\/randboldalcamping.dk\/wp-content\/uploads\/2024\/05\/Bornedisko-Randboldal-2.jpg&#8220; custom_padding=&#8220;42%||42%||true|false&#8220; border_width_top=&#8220;10px&#8220; border_color_top=&#8220;#FFFFFF&#8220; global_colors_info=&#8220;{}&#8220;][\/et_pb_divider][\/et_pb_column][et_pb_column type=&#8220;1_2&#8243; disabled_on=&#8220;off|off|off&#8220; _builder_version=&#8220;4.25.1&#8243; background_image=&#8220;https:\/\/randboldalcamping.dk\/wp-content\/uploads\/2023\/04\/8-1.jpg&#8220; background_enable_video_mp4=&#8220;off&#8220; border_width_left=&#8220;10px&#8220; border_color_left=&#8220;#FFFFFF&#8220; border_width_top_tablet=&#8220;10px&#8220; border_width_top_phone=&#8220;0px&#8220; border_width_top_last_edited=&#8220;on|tablet&#8220; border_color_top_tablet=&#8220;#ffffff&#8220; border_color_top_phone=&#8220;&#8220; border_color_top_last_edited=&#8220;on|tablet&#8220; border_width_left_tablet=&#8220;0px&#8220; border_width_left_phone=&#8220;0px&#8220; border_width_left_last_edited=&#8220;on|phone&#8220; global_colors_info=&#8220;{}&#8220;][et_pb_divider show_divider=&#8220;off&#8220; disabled_on=&#8220;off|off|on&#8220; _builder_version=&#8220;4.19.4&#8243; custom_padding=&#8220;30%||30%||true|false&#8220; global_colors_info=&#8220;{}&#8220;][\/et_pb_divider][\/et_pb_column][\/et_pb_row][\/et_pb_section][et_pb_section fb_built=&#8220;1&#8243; _builder_version=&#8220;4.25.1&#8243; _module_preset=&#8220;default&#8220; global_colors_info=&#8220;{}&#8220;][et_pb_row _builder_version=&#8220;4.25.1&#8243; _module_preset=&#8220;default&#8220; global_colors_info=&#8220;{}&#8220;][et_pb_column type=&#8220;4_4&#8243; _builder_version=&#8220;4.25.1&#8243; _module_preset=&#8220;default&#8220; global_colors_info=&#8220;{}&#8220;][et_pb_text _builder_version=&#8220;4.25.1&#8243; _module_preset=&#8220;default&#8220; header_2_text_align=&#8220;center&#8220; global_colors_info=&#8220;{}&#8220;]<\/p>\n<h2>Hier k\u00f6nnen Sie sehen, welche Veranstaltungen auf und um Randb\u00f8ldal Camping stattfinden<\/h2>\n<p>[\/et_pb_text][\/et_pb_column][\/et_pb_row][et_pb_row _builder_version=&#8220;4.25.1&#8243; _module_preset=&#8220;default&#8220; global_colors_info=&#8220;{}&#8220;][et_pb_column type=&#8220;4_4&#8243; _builder_version=&#8220;4.25.1&#8243; _module_preset=&#8220;default&#8220; global_colors_info=&#8220;{}&#8220;][decm_event_display event_selection=&#8220;all_event&#8220; recurrence_number=&#8220;30&#8243; date_detail_label=&#8220;Dato&#8220; date_format=&#8220;D j. F Y&#8220; show_end_date=&#8220;off&#8220; details_time_label=&#8220;Tid&#8220; show_venue=&#8220;off&#8220; organizer_detail_label=&#8220;Sted&#8220; price_detail_label=&#8220;Pris&#8220; show_category=&#8220;off&#8220; hide_comma_cat=&#8220;off&#8220; show_tag=&#8220;off&#8220; hide_comma_tag=&#8220;off&#8220; show_weburl=&#8220;off&#8220; show_detail=&#8220;off&#8220; event_count=&#8220;100&#8243; details_icon_color=&#8220;#61B12F&#8220; thumbnail_padding=&#8220;10px|10px|10px|10px|true|true&#8220; details_padding=&#8220;0px|10px|10px|10px|false|true&#8220; _builder_version=&#8220;4.25.1&#8243; _module_preset=&#8220;default&#8220; title_text_color=&#8220;#29380F&#8220; duration_labels_text_color=&#8220;#61B12F&#8220; callout_date_text_color=&#8220;#61B12F&#8220; callout_month_text_color=&#8220;#29380F&#8220; hover_enabled=&#8220;0&#8243; border_radii_thumbnail_border=&#8220;on|6px|6px|6px|6px&#8220; border_radii_event_border=&#8220;on|6px|6px|6px|6px&#8220; border_width_all_event_border=&#8220;1px&#8220; border_color_all_event_border=&#8220;#29380F&#8220; border_radii_callout_border=&#8220;on||||&#8220; global_colors_info=&#8220;{}&#8220; sticky_enabled=&#8220;0&#8243;][\/decm_event_display][\/et_pb_column][\/et_pb_row][\/et_pb_section][et_pb_section fb_built=&#8220;1&#8243; _builder_version=&#8220;4.16&#8243; custom_padding=&#8220;0|0px|0|0px|true|false&#8220; global_colors_info=&#8220;{}&#8220;][et_pb_row column_structure=&#8220;1_4,1_4,1_4,1_4&#8243; use_custom_gutter=&#8220;on&#8220; gutter_width=&#8220;1&#8243; module_class=&#8220; et_pb_row_fullwidth&#8220; _builder_version=&#8220;4.16&#8243; width=&#8220;100%&#8220; width_tablet=&#8220;100%&#8220; width_phone=&#8220;&#8220; width_last_edited=&#8220;on|desktop&#8220; max_width=&#8220;100%&#8220; max_width_tablet=&#8220;100%&#8220; max_width_phone=&#8220;&#8220; max_width_last_edited=&#8220;on|desktop&#8220; custom_padding=&#8220;0|0px|0|0px|true|false&#8220; border_width_all=&#8220;5px&#8220; border_color_all=&#8220;#ffffff&#8220; make_fullwidth=&#8220;on&#8220; global_colors_info=&#8220;{}&#8220;][et_pb_column type=&#8220;1_4&#8243; _builder_version=&#8220;4.16&#8243; custom_padding=&#8220;|||&#8220; global_colors_info=&#8220;{}&#8220; custom_padding__hover=&#8220;|||&#8220;][et_pb_image src=&#8220;https:\/\/randboldalcamping.dk\/wp-content\/uploads\/2023\/01\/81.jpg&#8220; alt=&#8220;Campingplatz &#8211; Randb\u00f8ldal inmitten der Natur&#8220; title_text=&#8220;Campingplatz &#8211; Randb\u00f8ldal inmitten der Natur&#8220; show_in_lightbox=&#8220;on&#8220; use_overlay=&#8220;on&#8220; overlay_icon_color=&#8220;rgba(0,0,0,0)&#8220; hover_overlay_color=&#8220;rgba(0,0,0,0.15)&#8220; align_tablet=&#8220;center&#8220; align_phone=&#8220;&#8220; align_last_edited=&#8220;on|desktop&#8220; _builder_version=&#8220;4.19.4&#8243; border_width_all=&#8220;5px&#8220; border_color_all=&#8220;#ffffff&#8220; global_colors_info=&#8220;{}&#8220;][\/et_pb_image][et_pb_image src=&#8220;https:\/\/randboldalcamping.dk\/wp-content\/uploads\/2023\/01\/9.jpg&#8220; title_text=&#8220;9&#8243; show_in_lightbox=&#8220;on&#8220; use_overlay=&#8220;on&#8220; overlay_icon_color=&#8220;rgba(0,0,0,0)&#8220; hover_overlay_color=&#8220;rgba(0,0,0,0.15)&#8220; align_tablet=&#8220;center&#8220; align_phone=&#8220;&#8220; align_last_edited=&#8220;on|desktop&#8220; _builder_version=&#8220;4.19.4&#8243; border_width_all=&#8220;5px&#8220; border_color_all=&#8220;#ffffff&#8220; border_width_bottom_tablet=&#8220;10px&#8220; border_width_bottom_phone=&#8220;&#8220; border_width_bottom_last_edited=&#8220;on|desktop&#8220; border_color_bottom_tablet=&#8220;#ffffff&#8220; border_color_bottom_phone=&#8220;&#8220; border_color_bottom_last_edited=&#8220;on|tablet&#8220; global_colors_info=&#8220;{}&#8220;][\/et_pb_image][\/et_pb_column][et_pb_column type=&#8220;1_4&#8243; _builder_version=&#8220;4.16&#8243; custom_padding=&#8220;|||&#8220; global_colors_info=&#8220;{}&#8220; custom_padding__hover=&#8220;|||&#8220;][et_pb_image src=&#8220;https:\/\/randboldalcamping.dk\/wp-content\/uploads\/2023\/01\/98.jpg&#8220; title_text=&#8220;Fr\u00fchst\u00fcck, Mahlzeiten und Wein k\u00f6nnen im Caf\u00e9 gekauft werden.&#8220; show_in_lightbox=&#8220;on&#8220; use_overlay=&#8220;on&#8220; overlay_icon_color=&#8220;rgba(0,0,0,0)&#8220; hover_overlay_color=&#8220;rgba(0,0,0,0.15)&#8220; align_tablet=&#8220;center&#8220; align_phone=&#8220;&#8220; align_last_edited=&#8220;on|desktop&#8220; _builder_version=&#8220;4.19.4&#8243; border_width_all=&#8220;5px&#8220; border_color_all=&#8220;#ffffff&#8220; border_width_top_tablet=&#8220;&#8220; border_width_top_phone=&#8220;0px&#8220; border_width_top_last_edited=&#8220;on|phone&#8220; border_color_top_tablet=&#8220;&#8220; border_color_top_phone=&#8220;#ffffff&#8220; border_color_top_last_edited=&#8220;on|desktop&#8220; global_colors_info=&#8220;{}&#8220;][\/et_pb_image][et_pb_image src=&#8220;https:\/\/randboldalcamping.dk\/wp-content\/uploads\/2023\/01\/84.jpg&#8220; title_text=&#8220;Campingplatz mit Platz f\u00fcr Kinder&#8220; show_in_lightbox=&#8220;on&#8220; use_overlay=&#8220;on&#8220; overlay_icon_color=&#8220;rgba(0,0,0,0)&#8220; hover_overlay_color=&#8220;rgba(0,0,0,0.15)&#8220; align_tablet=&#8220;center&#8220; align_phone=&#8220;&#8220; align_last_edited=&#8220;on|desktop&#8220; _builder_version=&#8220;4.19.4&#8243; border_width_all=&#8220;5px&#8220; border_color_all=&#8220;#ffffff&#8220; border_width_top_tablet=&#8220;&#8220; border_width_top_phone=&#8220;5px&#8220; border_width_top_last_edited=&#8220;on|phone&#8220; border_color_top_tablet=&#8220;&#8220; border_color_top_phone=&#8220;#ffffff&#8220; border_color_top_last_edited=&#8220;on|desktop&#8220; global_colors_info=&#8220;{}&#8220;][\/et_pb_image][\/et_pb_column][et_pb_column type=&#8220;1_4&#8243; _builder_version=&#8220;4.16&#8243; custom_padding=&#8220;|||&#8220; global_colors_info=&#8220;{}&#8220; custom_padding__hover=&#8220;|||&#8220;][et_pb_image src=&#8220;https:\/\/randboldalcamping.dk\/wp-content\/uploads\/2023\/01\/59.jpg&#8220; title_text=&#8220;Luxuri\u00f6se Mobile Homes auf einem Campingplatz&#8220; show_in_lightbox=&#8220;on&#8220; use_overlay=&#8220;on&#8220; overlay_icon_color=&#8220;rgba(0,0,0,0)&#8220; hover_overlay_color=&#8220;rgba(0,0,0,0.15)&#8220; align_tablet=&#8220;center&#8220; align_phone=&#8220;&#8220; align_last_edited=&#8220;on|desktop&#8220; _builder_version=&#8220;4.19.4&#8243; border_width_all=&#8220;5px&#8220; border_color_all=&#8220;#ffffff&#8220; border_width_top_tablet=&#8220;0px&#8220; border_width_top_phone=&#8220;5px&#8220; border_width_top_last_edited=&#8220;on|tablet&#8220; border_color_top_tablet=&#8220;&#8220; border_color_top_phone=&#8220;#ffffff&#8220; border_color_top_last_edited=&#8220;on|phone&#8220; global_colors_info=&#8220;{}&#8220;][\/et_pb_image][et_pb_image src=&#8220;https:\/\/randboldalcamping.dk\/wp-content\/uploads\/2023\/01\/19.jpg&#8220; title_text=&#8220;19&#8243; show_in_lightbox=&#8220;on&#8220; use_overlay=&#8220;on&#8220; overlay_icon_color=&#8220;rgba(0,0,0,0)&#8220; hover_overlay_color=&#8220;rgba(0,0,0,0.15)&#8220; align_tablet=&#8220;center&#8220; align_phone=&#8220;&#8220; align_last_edited=&#8220;on|desktop&#8220; _builder_version=&#8220;4.19.4&#8243; border_width_all=&#8220;5px&#8220; border_color_all=&#8220;#ffffff&#8220; global_colors_info=&#8220;{}&#8220;][\/et_pb_image][\/et_pb_column][et_pb_column type=&#8220;1_4&#8243; _builder_version=&#8220;4.16&#8243; custom_padding=&#8220;|||&#8220; global_colors_info=&#8220;{}&#8220; custom_padding__hover=&#8220;|||&#8220;][et_pb_image src=&#8220;https:\/\/randboldalcamping.dk\/wp-content\/uploads\/2023\/01\/62.jpg&#8220; title_text=&#8220;Campingh\u00fctten in der N\u00e4he von Billund und Vejle&#8220; show_in_lightbox=&#8220;on&#8220; use_overlay=&#8220;on&#8220; overlay_icon_color=&#8220;rgba(0,0,0,0)&#8220; hover_overlay_color=&#8220;rgba(0,0,0,0.15)&#8220; align_tablet=&#8220;center&#8220; align_phone=&#8220;&#8220; align_last_edited=&#8220;on|desktop&#8220; _builder_version=&#8220;4.19.4&#8243; border_width_all=&#8220;5px&#8220; border_color_all=&#8220;#ffffff&#8220; border_width_top_tablet=&#8220;0px&#8220; border_width_top_phone=&#8220;5px&#8220; border_width_top_last_edited=&#8220;on|phone&#8220; border_color_top_tablet=&#8220;&#8220; border_color_top_phone=&#8220;#ffffff&#8220; border_color_top_last_edited=&#8220;on|desktop&#8220; global_colors_info=&#8220;{}&#8220;][\/et_pb_image][et_pb_image src=&#8220;https:\/\/randboldalcamping.dk\/wp-content\/uploads\/2023\/01\/106.jpg&#8220; title_text=&#8220;Radfahren in der Umgebung des Campingplatzes&#8220; show_in_lightbox=&#8220;on&#8220; use_overlay=&#8220;on&#8220; overlay_icon_color=&#8220;rgba(0,0,0,0)&#8220; hover_overlay_color=&#8220;rgba(0,0,0,0.15)&#8220; align_tablet=&#8220;center&#8220; align_phone=&#8220;&#8220; align_last_edited=&#8220;on|desktop&#8220; _builder_version=&#8220;4.19.4&#8243; border_width_all=&#8220;5px&#8220; border_color_all=&#8220;#ffffff&#8220; global_colors_info=&#8220;{}&#8220;][\/et_pb_image][\/et_pb_column][\/et_pb_row][\/et_pb_section]<\/p>\n","protected":false},"excerpt":{"rendered":"<p>Veranstaltungen auf und rund um den CampingplatzCampingurlaub in sch\u00f6nster Natur &#8211; in der N\u00e4he von Billund und VejleDas k\u00f6nnen Sie bei uns erlebenLesen Sie mehr dar\u00fcber, was auf und um [&hellip;]<\/p>\n","protected":false},"author":3,"featured_media":801862,"parent":0,"menu_order":0,"comment_status":"closed","ping_status":"closed","template":"","meta":{"_et_pb_use_builder":"on","_et_pb_old_content":"","_et_gb_content_width":"","_price":"","_stock":"","_tribe_ticket_header":"","_tribe_default_ticket_provider":"","_tribe_ticket_capacity":"0","_ticket_start_date":"","_ticket_end_date":"","_tribe_ticket_show_description":"","_tribe_ticket_show_not_going":false,"_tribe_ticket_use_global_stock":"","_tribe_ticket_global_stock_level":"","_global_stock_mode":"","_global_stock_cap":"","_tribe_rsvp_for_event":"","_tribe_ticket_going_count":"","_tribe_ticket_not_going_count":"","_tribe_tickets_list":"[]","_tribe_ticket_has_attendee_info_fields":false,"footnotes":"","_tec_slr_enabled":"","_tec_slr_layout":""},"difl_page_category":[],"class_list":["post-814293","page","type-page","status-publish","has-post-thumbnail","hentry"],"yoast_head":"<!-- This site is optimized with the Yoast SEO plugin v27.3 - https:\/\/yoast.com\/product\/yoast-seo-wordpress\/ -->\n<title>Events - Randb\u00f8ldal Camping<\/title>\n<meta name=\"robots\" content=\"index, follow, max-snippet:-1, max-image-preview:large, max-video-preview:-1\" \/>\n<link rel=\"canonical\" href=\"https:\/\/randboldalcamping.dk\/de\/events\/\" \/>\n<meta property=\"og:locale\" content=\"de_DE\" \/>\n<meta property=\"og:type\" content=\"article\" \/>\n<meta property=\"og:title\" content=\"Events - Randb\u00f8ldal Camping\" \/>\n<meta property=\"og:description\" content=\"Veranstaltungen auf und rund um den CampingplatzCampingurlaub in sch\u00f6nster Natur - in der N\u00e4he von Billund und VejleDas k\u00f6nnen Sie bei uns erlebenLesen Sie mehr dar\u00fcber, was auf und um [&hellip;]\" \/>\n<meta property=\"og:url\" content=\"https:\/\/randboldalcamping.dk\/de\/events\/\" \/>\n<meta property=\"og:site_name\" content=\"Randb\u00f8ldal Camping\" \/>\n<meta property=\"article:modified_time\" content=\"2024-06-10T07:20:56+00:00\" \/>\n<meta name=\"twitter:card\" content=\"summary_large_image\" \/>\n<meta name=\"twitter:label1\" content=\"Gesch\u00e4tzte Lesezeit\" \/>\n\t<meta name=\"twitter:data1\" content=\"4\u00a0Minuten\" \/>\n<script type=\"application\/ld+json\" class=\"yoast-schema-graph\">{\"@context\":\"https:\\\/\\\/schema.org\",\"@graph\":[{\"@type\":\"WebPage\",\"@id\":\"https:\\\/\\\/randboldalcamping.dk\\\/de\\\/events\\\/\",\"url\":\"https:\\\/\\\/randboldalcamping.dk\\\/de\\\/events\\\/\",\"name\":\"Events - Randb\u00f8ldal Camping\",\"isPartOf\":{\"@id\":\"https:\\\/\\\/randboldalcamping.dk\\\/de\\\/#website\"},\"primaryImageOfPage\":{\"@id\":\"https:\\\/\\\/randboldalcamping.dk\\\/de\\\/events\\\/#primaryimage\"},\"image\":{\"@id\":\"https:\\\/\\\/randboldalcamping.dk\\\/de\\\/events\\\/#primaryimage\"},\"thumbnailUrl\":\"https:\\\/\\\/randboldalcamping.dk\\\/wp-content\\\/uploads\\\/2023\\\/02\\\/13.jpg\",\"datePublished\":\"2024-05-27T10:55:40+00:00\",\"dateModified\":\"2024-06-10T07:20:56+00:00\",\"breadcrumb\":{\"@id\":\"https:\\\/\\\/randboldalcamping.dk\\\/de\\\/events\\\/#breadcrumb\"},\"inLanguage\":\"de\",\"potentialAction\":[{\"@type\":\"ReadAction\",\"target\":[\"https:\\\/\\\/randboldalcamping.dk\\\/de\\\/events\\\/\"]}]},{\"@type\":\"ImageObject\",\"inLanguage\":\"de\",\"@id\":\"https:\\\/\\\/randboldalcamping.dk\\\/de\\\/events\\\/#primaryimage\",\"url\":\"https:\\\/\\\/randboldalcamping.dk\\\/wp-content\\\/uploads\\\/2023\\\/02\\\/13.jpg\",\"contentUrl\":\"https:\\\/\\\/randboldalcamping.dk\\\/wp-content\\\/uploads\\\/2023\\\/02\\\/13.jpg\",\"width\":1000,\"height\":800},{\"@type\":\"BreadcrumbList\",\"@id\":\"https:\\\/\\\/randboldalcamping.dk\\\/de\\\/events\\\/#breadcrumb\",\"itemListElement\":[{\"@type\":\"ListItem\",\"position\":1,\"name\":\"Hjem\",\"item\":\"https:\\\/\\\/randboldalcamping.dk\\\/de\\\/\"},{\"@type\":\"ListItem\",\"position\":2,\"name\":\"Events\"}]},{\"@type\":\"WebSite\",\"@id\":\"https:\\\/\\\/randboldalcamping.dk\\\/de\\\/#website\",\"url\":\"https:\\\/\\\/randboldalcamping.dk\\\/de\\\/\",\"name\":\"Randb\u00f8ldal Camping\",\"description\":\"Overnatninger t\u00e6t p\u00e5 Billund og Vejle\",\"potentialAction\":[{\"@type\":\"SearchAction\",\"target\":{\"@type\":\"EntryPoint\",\"urlTemplate\":\"https:\\\/\\\/randboldalcamping.dk\\\/de\\\/?s={search_term_string}\"},\"query-input\":{\"@type\":\"PropertyValueSpecification\",\"valueRequired\":true,\"valueName\":\"search_term_string\"}}],\"inLanguage\":\"de\"}]}<\/script>\n<!-- \/ Yoast SEO plugin. -->","yoast_head_json":{"title":"Events - Randb\u00f8ldal Camping","robots":{"index":"index","follow":"follow","max-snippet":"max-snippet:-1","max-image-preview":"max-image-preview:large","max-video-preview":"max-video-preview:-1"},"canonical":"https:\/\/randboldalcamping.dk\/de\/events\/","og_locale":"de_DE","og_type":"article","og_title":"Events - Randb\u00f8ldal Camping","og_description":"Veranstaltungen auf und rund um den CampingplatzCampingurlaub in sch\u00f6nster Natur - in der N\u00e4he von Billund und VejleDas k\u00f6nnen Sie bei uns erlebenLesen Sie mehr dar\u00fcber, was auf und um [&hellip;]","og_url":"https:\/\/randboldalcamping.dk\/de\/events\/","og_site_name":"Randb\u00f8ldal Camping","article_modified_time":"2024-06-10T07:20:56+00:00","twitter_card":"summary_large_image","twitter_misc":{"Gesch\u00e4tzte Lesezeit":"4\u00a0Minuten"},"schema":{"@context":"https:\/\/schema.org","@graph":[{"@type":"WebPage","@id":"https:\/\/randboldalcamping.dk\/de\/events\/","url":"https:\/\/randboldalcamping.dk\/de\/events\/","name":"Events - Randb\u00f8ldal Camping","isPartOf":{"@id":"https:\/\/randboldalcamping.dk\/de\/#website"},"primaryImageOfPage":{"@id":"https:\/\/randboldalcamping.dk\/de\/events\/#primaryimage"},"image":{"@id":"https:\/\/randboldalcamping.dk\/de\/events\/#primaryimage"},"thumbnailUrl":"https:\/\/randboldalcamping.dk\/wp-content\/uploads\/2023\/02\/13.jpg","datePublished":"2024-05-27T10:55:40+00:00","dateModified":"2024-06-10T07:20:56+00:00","breadcrumb":{"@id":"https:\/\/randboldalcamping.dk\/de\/events\/#breadcrumb"},"inLanguage":"de","potentialAction":[{"@type":"ReadAction","target":["https:\/\/randboldalcamping.dk\/de\/events\/"]}]},{"@type":"ImageObject","inLanguage":"de","@id":"https:\/\/randboldalcamping.dk\/de\/events\/#primaryimage","url":"https:\/\/randboldalcamping.dk\/wp-content\/uploads\/2023\/02\/13.jpg","contentUrl":"https:\/\/randboldalcamping.dk\/wp-content\/uploads\/2023\/02\/13.jpg","width":1000,"height":800},{"@type":"BreadcrumbList","@id":"https:\/\/randboldalcamping.dk\/de\/events\/#breadcrumb","itemListElement":[{"@type":"ListItem","position":1,"name":"Hjem","item":"https:\/\/randboldalcamping.dk\/de\/"},{"@type":"ListItem","position":2,"name":"Events"}]},{"@type":"WebSite","@id":"https:\/\/randboldalcamping.dk\/de\/#website","url":"https:\/\/randboldalcamping.dk\/de\/","name":"Randb\u00f8ldal Camping","description":"Overnatninger t\u00e6t p\u00e5 Billund og Vejle","potentialAction":[{"@type":"SearchAction","target":{"@type":"EntryPoint","urlTemplate":"https:\/\/randboldalcamping.dk\/de\/?s={search_term_string}"},"query-input":{"@type":"PropertyValueSpecification","valueRequired":true,"valueName":"search_term_string"}}],"inLanguage":"de"}]}},"publishpress_future_action":{"enabled":false,"date":"2026-04-12 14:47:18","action":"change-status","newStatus":"draft","terms":[],"taxonomy":"translation_priority","extraData":[]},"publishpress_future_workflow_manual_trigger":{"enabledWorkflows":[]},"ticketed":false,"_links":{"self":[{"href":"https:\/\/randboldalcamping.dk\/de\/wp-json\/wp\/v2\/pages\/814293","targetHints":{"allow":["GET"]}}],"collection":[{"href":"https:\/\/randboldalcamping.dk\/de\/wp-json\/wp\/v2\/pages"}],"about":[{"href":"https:\/\/randboldalcamping.dk\/de\/wp-json\/wp\/v2\/types\/page"}],"author":[{"embeddable":true,"href":"https:\/\/randboldalcamping.dk\/de\/wp-json\/wp\/v2\/users\/3"}],"replies":[{"embeddable":true,"href":"https:\/\/randboldalcamping.dk\/de\/wp-json\/wp\/v2\/comments?post=814293"}],"version-history":[{"count":11,"href":"https:\/\/randboldalcamping.dk\/de\/wp-json\/wp\/v2\/pages\/814293\/revisions"}],"predecessor-version":[{"id":814502,"href":"https:\/\/randboldalcamping.dk\/de\/wp-json\/wp\/v2\/pages\/814293\/revisions\/814502"}],"wp:featuredmedia":[{"embeddable":true,"href":"https:\/\/randboldalcamping.dk\/de\/wp-json\/wp\/v2\/media\/801862"}],"wp:attachment":[{"href":"https:\/\/randboldalcamping.dk\/de\/wp-json\/wp\/v2\/media?parent=814293"}],"wp:term":[{"taxonomy":"difl_page_category","embeddable":true,"href":"https:\/\/randboldalcamping.dk\/de\/wp-json\/wp\/v2\/difl_page_category?post=814293"}],"curies":[{"name":"wp","href":"https:\/\/api.w.org\/{rel}","templated":true}]}}