{"id":811366,"date":"2023-05-16T12:57:34","date_gmt":"2023-05-16T11:57:34","guid":{"rendered":"https:\/\/randboldalcamping.dk\/ermaessigungen-fuer-erlebnisse\/"},"modified":"2024-03-13T11:24:22","modified_gmt":"2024-03-13T10:24:22","slug":"ermaessigungen-fuer-erlebnisse","status":"publish","type":"page","link":"https:\/\/randboldalcamping.dk\/de\/ermaessigungen-fuer-erlebnisse\/","title":{"rendered":"Erm\u00e4\u00dfigungen f\u00fcr Erlebnisse"},"content":{"rendered":"<p>[et_pb_section fb_built=&#8220;1&#8243; _builder_version=&#8220;4.20.0&#8243; background_color=&#8220;rgba(144,24,29,0)&#8220; custom_padding=&#8220;0px||0px||true|&#8220; global_colors_info=&#8220;{}&#8220;][et_pb_row column_structure=&#8220;1_4,1_4,1_2&#8243; use_custom_gutter=&#8220;on&#8220; gutter_width=&#8220;1&#8243; make_equal=&#8220;on&#8220; _builder_version=&#8220;4.21.0&#8243; background_color=&#8220;rgba(144,24,29,0)&#8220; width=&#8220;100%&#8220; max_width=&#8220;100%&#8220; custom_padding=&#8220;0px||0px||true|false&#8220; global_colors_info=&#8220;{}&#8220;][et_pb_column type=&#8220;1_4&#8243; _builder_version=&#8220;4.19.4&#8243; background_color=&#8220;#54B6BD&#8220; border_width_right=&#8220;10px&#8220; border_color_right=&#8220;#FFFFFF&#8220; border_width_right_tablet=&#8220;&#8220; border_width_right_phone=&#8220;0px&#8220; border_width_right_last_edited=&#8220;on|phone&#8220; border_width_bottom_tablet=&#8220;&#8220; border_width_bottom_phone=&#8220;10px&#8220; border_width_bottom_last_edited=&#8220;on|phone&#8220; border_color_bottom_tablet=&#8220;&#8220; border_color_bottom_phone=&#8220;#ffffff&#8220; border_color_bottom_last_edited=&#8220;on|phone&#8220; global_colors_info=&#8220;{}&#8220;][et_pb_divider show_divider=&#8220;off&#8220; _builder_version=&#8220;4.24.2&#8243; background_image=&#8220;https:\/\/randboldalcamping.dk\/wp-content\/uploads\/2023\/05\/13.jpg&#8220; background_enable_video_mp4=&#8220;off&#8220; custom_padding=&#8220;42%||42%||true|false&#8220; hover_enabled=&#8220;0&#8243; border_color_top=&#8220;#FFFFFF&#8220; border_width_bottom=&#8220;10px&#8220; border_color_bottom=&#8220;#FFFFFF&#8220; global_colors_info=&#8220;{}&#8220; title_text=&#8220;13&#8243; sticky_enabled=&#8220;0&#8243;][\/et_pb_divider][et_pb_image src=&#8220;https:\/\/randboldalcamping.dk\/wp-content\/uploads\/2023\/01\/Artboard-20.png&#8220; title_text=&#8220;Randb\u00f8ldal Camping &#8211; Gr\u00fcnes Camping&#8220; url=&#8220;@ET-DC@eyJkeW5hbWljIjp0cnVlLCJjb250ZW50IjoiaG9tZV91cmwiLCJzZXR0aW5ncyI6e319@&#8220; admin_label=&#8220;Logo til undersider&#8220; _builder_version=&#8220;4.20.2&#8243; _dynamic_attributes=&#8220;url&#8220; _module_preset=&#8220;default&#8220; positioning=&#8220;absolute&#8220; position_origin_a=&#8220;top_center&#8220; vertical_offset=&#8220;150px&#8220; horizontal_offset=&#8220;19px&#8220; z_index=&#8220;189&#8243; width=&#8220;70%&#8220; global_module=&#8220;799441&#8243; global_colors_info=&#8220;{}&#8220;][\/et_pb_image][et_pb_text _builder_version=&#8220;4.20.0&#8243; text_font=&#8220;||||||||&#8220; text_text_color=&#8220;#FFFFFF&#8220; text_font_size=&#8220;25px&#8220; text_line_height=&#8220;1.4em&#8220; header_2_font=&#8220;||||||||&#8220; header_2_text_color=&#8220;#FFFFFF&#8220; custom_padding=&#8220;70px|50px||50px|false|true&#8220; global_colors_info=&#8220;{}&#8220;]<\/p>\n<h2>Aktivurlaub auf Randb\u00f8ldal Camping<\/h2>\n<p>[\/et_pb_text][et_pb_text _builder_version=&#8220;4.21.0&#8243; text_font=&#8220;||||||||&#8220; text_text_color=&#8220;#ffffff&#8220; text_font_size=&#8220;18px&#8220; text_line_height=&#8220;1.8em&#8220; custom_padding=&#8220;20px|50px||50px|false|true&#8220; global_colors_info=&#8220;{}&#8220;]<\/p>\n<p>Gehen Sie raus und entdecken Sie die Gegend<br \/>Drucken Sie einen Gutschein aus und erhalten Sie einen Rabatt<\/p>\n<p>[\/et_pb_text][et_pb_button button_url=&#8220;#Laesmere&#8220; button_text=&#8220;Mehr lesen&#8220; _builder_version=&#8220;4.20.4&#8243; custom_button=&#8220;on&#8220; button_text_size=&#8220;14px&#8220; button_bg_color=&#8220;rgba(255,94,20,0)&#8220; button_border_width=&#8220;0px&#8220; button_border_color=&#8220;#74B83E&#8220; button_border_radius=&#8220;0px&#8220; button_font=&#8220;|500|||||||&#8220; button_icon=&#8220;&#x3d;||divi||400&#8243; button_on_hover=&#8220;off&#8220; position_origin_a=&#8220;top_center&#8220; horizontal_offset=&#8220;49px&#8220; background_layout=&#8220;dark&#8220; custom_margin=&#8220;20px||20px||true&#8220; custom_padding=&#8220;20px|50px|20px|50px|true|true&#8220; global_colors_info=&#8220;{}&#8220; button_text_color__hover_enabled=&#8220;on|desktop&#8220; button_text_color__hover=&#8220;#0E204C&#8220; button_bg_color__hover_enabled=&#8220;on&#8220; button_bg_color__hover=&#8220;rgba(14,32,76,0)&#8220; button_bg_enable_color__hover=&#8220;on&#8220; button_border_color__hover_enabled=&#8220;on&#8220; button_border_color__hover=&#8220;#0E204C&#8220; button_letter_spacing__hover_enabled=&#8220;on&#8220; button_letter_spacing__hover=&#8220;0px&#8220;][\/et_pb_button][\/et_pb_column][et_pb_column type=&#8220;1_4&#8243; _builder_version=&#8220;4.19.4&#8243; background_color=&#8220;#74B83E&#8220; border_width_top_tablet=&#8220;&#8220; border_width_top_phone=&#8220;0px&#8220; border_width_top_last_edited=&#8220;on|phone&#8220; border_color_top_tablet=&#8220;&#8220; border_color_top_phone=&#8220;#ffffff&#8220; border_color_top_last_edited=&#8220;on|phone&#8220; border_width_bottom_tablet=&#8220;&#8220; border_width_bottom_phone=&#8220;10px&#8220; border_width_bottom_last_edited=&#8220;on|phone&#8220; border_color_bottom_tablet=&#8220;&#8220; border_color_bottom_phone=&#8220;#ffffff&#8220; border_color_bottom_last_edited=&#8220;on|phone&#8220; global_colors_info=&#8220;{}&#8220;][et_pb_text _builder_version=&#8220;4.21.0&#8243; text_font=&#8220;||||||||&#8220; text_text_color=&#8220;#FFFFFF&#8220; text_font_size=&#8220;25px&#8220; text_line_height=&#8220;1.4em&#8220; header_2_font=&#8220;||||||||&#8220; header_2_text_color=&#8220;#FFFFFF&#8220; custom_padding=&#8220;130px|50px||50px|false|true&#8220; global_colors_info=&#8220;{}&#8220;]<\/p>\n<h2>Erm\u00e4\u00dfigungen f\u00fcr Veranstaltungen in der Region<\/h2>\n<p>[\/et_pb_text][et_pb_text _builder_version=&#8220;4.21.0&#8243; text_font=&#8220;||||||||&#8220; text_text_color=&#8220;#FFFFFF&#8220; text_font_size=&#8220;18px&#8220; text_line_height=&#8220;1.8em&#8220; custom_padding=&#8220;20px|50px||50px|false|true&#8220; global_colors_info=&#8220;{}&#8220;]<\/p>\n<p><span>Hier finden Sie Gutscheine, die Sie ausdrucken k\u00f6nnen, um Rabatte auf ausgew\u00e4hlte Erlebnisse zu erhalten<\/span><\/p>\n<p>[\/et_pb_text][et_pb_button button_url=&#8220;#Laesmere&#8220; button_text=&#8220;Mehr lesen&#8220; _builder_version=&#8220;4.21.0&#8243; custom_button=&#8220;on&#8220; button_text_size=&#8220;14px&#8220; button_bg_color=&#8220;rgba(255,94,20,0)&#8220; button_border_width=&#8220;0px&#8220; button_border_color=&#8220;#74B83E&#8220; button_border_radius=&#8220;0px&#8220; button_font=&#8220;|500|||||||&#8220; button_icon=&#8220;&#x3d;||divi||400&#8243; button_on_hover=&#8220;off&#8220; position_origin_a=&#8220;top_center&#8220; horizontal_offset=&#8220;49px&#8220; background_layout=&#8220;dark&#8220; custom_margin=&#8220;20px||20px||true&#8220; custom_padding=&#8220;20px|50px|20px|50px|true|true&#8220; global_colors_info=&#8220;{}&#8220; button_text_color__hover_enabled=&#8220;on|desktop&#8220; button_text_color__hover=&#8220;#0E204C&#8220; button_bg_color__hover_enabled=&#8220;on&#8220; button_bg_color__hover=&#8220;rgba(14,32,76,0)&#8220; button_bg_enable_color__hover=&#8220;on&#8220; button_border_color__hover_enabled=&#8220;on&#8220; button_border_color__hover=&#8220;#0E204C&#8220; button_letter_spacing__hover_enabled=&#8220;on&#8220; button_letter_spacing__hover=&#8220;0px&#8220;][\/et_pb_button][et_pb_button _builder_version=&#8220;4.19.4&#8243; _module_preset=&#8220;default&#8220; global_colors_info=&#8220;{}&#8220;][\/et_pb_button][et_pb_divider show_divider=&#8220;off&#8220; _builder_version=&#8220;4.21.0&#8243; background_image=&#8220;https:\/\/randboldalcamping.dk\/wp-content\/uploads\/2023\/05\/11.jpg&#8220; custom_padding=&#8220;42%||42%||true|false&#8220; border_width_top=&#8220;10px&#8220; border_color_top=&#8220;#FFFFFF&#8220; global_colors_info=&#8220;{}&#8220;][\/et_pb_divider][\/et_pb_column][et_pb_column type=&#8220;1_2&#8243; disabled_on=&#8220;off|off|off&#8220; _builder_version=&#8220;4.21.0&#8243; background_image=&#8220;https:\/\/randboldalcamping.dk\/wp-content\/uploads\/2023\/05\/14.jpg&#8220; background_enable_video_mp4=&#8220;off&#8220; border_width_left=&#8220;10px&#8220; border_color_left=&#8220;#FFFFFF&#8220; border_width_top_tablet=&#8220;10px&#8220; border_width_top_phone=&#8220;0px&#8220; border_width_top_last_edited=&#8220;on|tablet&#8220; border_color_top_tablet=&#8220;#ffffff&#8220; border_color_top_phone=&#8220;&#8220; border_color_top_last_edited=&#8220;on|tablet&#8220; border_width_left_tablet=&#8220;0px&#8220; border_width_left_phone=&#8220;0px&#8220; border_width_left_last_edited=&#8220;on|phone&#8220; global_colors_info=&#8220;{}&#8220;][et_pb_divider show_divider=&#8220;off&#8220; disabled_on=&#8220;off|off|on&#8220; _builder_version=&#8220;4.21.0&#8243; background_enable_image=&#8220;off&#8220; custom_padding=&#8220;30%||30%||true|false&#8220; global_colors_info=&#8220;{}&#8220;][\/et_pb_divider][\/et_pb_column][\/et_pb_row][\/et_pb_section][et_pb_section fb_built=&#8220;1&#8243; module_id=&#8220;laesmere&#8220; _builder_version=&#8220;4.20.4&#8243; _module_preset=&#8220;default&#8220; custom_padding=&#8220;||53px|||&#8220; global_colors_info=&#8220;{}&#8220;][et_pb_row column_structure=&#8220;2_5,3_5&#8243; module_class=&#8220;pa-inline-buttons &#8220; _builder_version=&#8220;4.20.4&#8243; _module_preset=&#8220;default&#8220; max_width=&#8220;1260px&#8220; global_colors_info=&#8220;{}&#8220;][et_pb_column type=&#8220;2_5&#8243; _builder_version=&#8220;4.20.0&#8243; _module_preset=&#8220;default&#8220; global_colors_info=&#8220;{}&#8220;][et_pb_image src=&#8220;https:\/\/randboldalcamping.dk\/wp-content\/uploads\/2023\/02\/Randboeldal-campings-groenne-hjerte.png&#8220; title_text=&#8220;Das gr\u00fcne Herz von Randb\u00f8ldal Camping&#8220; _builder_version=&#8220;4.20.0&#8243; _module_preset=&#8220;default&#8220; global_colors_info=&#8220;{}&#8220;][\/et_pb_image][\/et_pb_column][et_pb_column type=&#8220;3_5&#8243; _builder_version=&#8220;4.20.0&#8243; _module_preset=&#8220;default&#8220; global_colors_info=&#8220;{}&#8220;][et_pb_text _builder_version=&#8220;4.21.0&#8243; header_font=&#8220;Poppins|700|||||||&#8220; header_text_align=&#8220;center&#8220; header_text_color=&#8220;#000000&#8243; header_font_size=&#8220;35px&#8220; header_line_height=&#8220;1.3em&#8220; header_2_text_align=&#8220;center&#8220; header_2_font_size=&#8220;41px&#8220; module_alignment=&#8220;left&#8220; header_font_size_tablet=&#8220;&#8220; header_font_size_phone=&#8220;30px&#8220; header_font_size_last_edited=&#8220;on|desktop&#8220; global_colors_info=&#8220;{}&#8220;]<\/p>\n<h2 style=\"text-align: left;\">Holen Sie sich einen Gutschein und erhalten Sie einen Rabatt<\/h2>\n<p>[\/et_pb_text][et_pb_text _builder_version=&#8220;4.24.2&#8243; _module_preset=&#8220;default&#8220; ul_font_size=&#8220;20px&#8220; ul_line_height=&#8220;1.7em&#8220; header_2_line_height=&#8220;1.3em&#8220; hover_enabled=&#8220;0&#8243; global_colors_info=&#8220;{}&#8220; sticky_enabled=&#8220;0&#8243;]<\/p>\n<h2>Erforschen, entdecken und probieren Sie die Region!<br \/>Wir haben gro\u00dfartige Erlebnisse und Gesch\u00e4fte ausgesucht<\/h2>\n<ul>\n<li>Probieren Sie das Eis der Nyg\u00e5rd Eismolkerei im Laden &#8211; 5%.<\/li>\n<li>Verkosten Sie das lokal hergestellte Bier von BLAS &#8211; 10%.<\/li>\n<li>Buchen Sie eine gem\u00fctliche F\u00fchrung durch die Fary Lochan-Brennerei &#8211; 10 % Rabatt<\/li>\n<\/ul>\n<p>Mehr dazu unter &#8230;..<\/p>\n<p>Sie k\u00f6nnen die einzelnen Gutscheine unten herunterladen oder hier klicken und sie alle auf einmal herunterladen\/ausdrucken&#8230;<\/p>\n<p>[\/et_pb_text][et_pb_button button_url=&#8220;https:\/\/randboldalcamping.dk\/wp-content\/uploads\/2024\/03\/Voucher-samlet-version.pdf_130324.pdf&#8220; button_text=&#8220;Alle Gutscheine drucken&#8220; _builder_version=&#8220;4.24.2&#8243; _module_preset=&#8220;default&#8220; hover_enabled=&#8220;0&#8243; global_colors_info=&#8220;{}&#8220; sticky_enabled=&#8220;0&#8243;][\/et_pb_button][\/et_pb_column][\/et_pb_row][\/et_pb_section][et_pb_section fb_built=&#8220;1&#8243; _builder_version=&#8220;4.21.0&#8243; _module_preset=&#8220;default&#8220; custom_padding=&#8220;7px|||||&#8220; global_colors_info=&#8220;{}&#8220;][et_pb_row _builder_version=&#8220;4.21.0&#8243; _module_preset=&#8220;default&#8220; max_width=&#8220;1290px&#8220; custom_margin=&#8220;||50px||false|false&#8220; global_colors_info=&#8220;{}&#8220;][et_pb_column type=&#8220;4_4&#8243; _builder_version=&#8220;4.21.0&#8243; _module_preset=&#8220;default&#8220; global_colors_info=&#8220;{}&#8220;][et_pb_text _builder_version=&#8220;4.21.0&#8243; _module_preset=&#8220;default&#8220; link_text_color=&#8220;#61B12F&#8220; text_orientation=&#8220;center&#8220; global_colors_info=&#8220;{}&#8220;]<\/p>\n<h2><span style=\"font-weight: 400;\">Eiscaf\u00e9 Nyg\u00e5rd<\/span><\/h2>\n<h3><span style=\"font-weight: 400;\">Frisches Eis aus Milch direkt vom Hof der Familie Nyg\u00e5rd<br \/><\/span><\/h3>\n<p><a href=\"https:\/\/nygaardismejeri.dk\/kontakt\/\" target=\"_blank\" rel=\"noopener\"><span style=\"font-weight: 400;\">Lesen Sie mehr auf Nygaardismejeri.dk \u2192<\/span><\/a><\/p>\n<p>[\/et_pb_text][et_pb_image src=&#8220;https:\/\/randboldalcamping.dk\/wp-content\/uploads\/2023\/05\/1.jpg&#8220; title_text=&#8220;Eismolkerei Nyg\u00e5rd&#8220; _builder_version=&#8220;4.21.0&#8243; _module_preset=&#8220;default&#8220; custom_margin=&#8220;||0px||false|false&#8220; global_colors_info=&#8220;{}&#8220;][\/et_pb_image][et_pb_image src=&#8220;https:\/\/randboldalcamping.dk\/wp-content\/uploads\/2023\/05\/2.jpg&#8220; title_text=&#8220;Nyg\u00e5rd Eismolkerei_1&#8243; _builder_version=&#8220;4.21.0&#8243; _module_preset=&#8220;default&#8220; custom_padding=&#8220;0px||0px||false|false&#8220; global_colors_info=&#8220;{}&#8220;][\/et_pb_image][et_pb_button button_url=&#8220;https:\/\/randboldalcamping.dk\/wp-content\/uploads\/2023\/05\/Nygard-Ismejeri.pdf&#8220; url_new_window=&#8220;on&#8220; button_text=&#8220;Gutschein herunterladen oder ausdrucken&#8220; button_alignment=&#8220;center&#8220; _builder_version=&#8220;4.21.0&#8243; _module_preset=&#8220;default&#8220; custom_button=&#8220;on&#8220; button_text_size=&#8220;22px&#8220; global_colors_info=&#8220;{}&#8220;][\/et_pb_button][\/et_pb_column][\/et_pb_row][et_pb_row _builder_version=&#8220;4.21.0&#8243; _module_preset=&#8220;default&#8220; max_width=&#8220;1290px&#8220; custom_margin=&#8220;||50px||false|false&#8220; global_colors_info=&#8220;{}&#8220;][et_pb_column type=&#8220;4_4&#8243; _builder_version=&#8220;4.21.0&#8243; _module_preset=&#8220;default&#8220; global_colors_info=&#8220;{}&#8220;][et_pb_text _builder_version=&#8220;4.21.0&#8243; _module_preset=&#8220;default&#8220; link_text_color=&#8220;#61B12F&#8220; text_orientation=&#8220;center&#8220; global_colors_info=&#8220;{}&#8220;]<\/p>\n<h2><span style=\"font-weight: 400;\">Destillerie Fary Lochan<\/span><\/h2>\n<h3>Hochwertige Spirituosen mit lokalen Wurzeln<\/h3>\n<p><a href=\"https:\/\/farylochan.dk\/\" target=\"_blank\" rel=\"noopener\">Lesen Sie mehr auf Farylochan.dk<\/a><\/p>\n<p>[\/et_pb_text][et_pb_image src=&#8220;https:\/\/randboldalcamping.dk\/wp-content\/uploads\/2023\/05\/1-4.jpg&#8220; title_text=&#8220;Destillerie Fary Lochan&#8220; _builder_version=&#8220;4.21.0&#8243; _module_preset=&#8220;default&#8220; custom_margin=&#8220;||0px||false|false&#8220; global_colors_info=&#8220;{}&#8220;][\/et_pb_image][et_pb_image src=&#8220;https:\/\/randboldalcamping.dk\/wp-content\/uploads\/2023\/05\/2-4.jpg&#8220; title_text=&#8220;Fary Lochan Brennerei_1&#8243; _builder_version=&#8220;4.21.0&#8243; _module_preset=&#8220;default&#8220; custom_padding=&#8220;0px||0px||false|false&#8220; global_colors_info=&#8220;{}&#8220;][\/et_pb_image][et_pb_button button_url=&#8220;https:\/\/randboldalcamping.dk\/wp-content\/uploads\/2023\/05\/Fary-Locha-whiskeydestilleri-1.pdf&#8220; url_new_window=&#8220;on&#8220; button_text=&#8220;Gutschein herunterladen oder ausdrucken&#8220; button_alignment=&#8220;center&#8220; _builder_version=&#8220;4.21.0&#8243; _module_preset=&#8220;default&#8220; custom_button=&#8220;on&#8220; button_text_size=&#8220;22px&#8220; global_colors_info=&#8220;{}&#8220;][\/et_pb_button][\/et_pb_column][\/et_pb_row][et_pb_row _builder_version=&#8220;4.21.0&#8243; _module_preset=&#8220;default&#8220; max_width=&#8220;1290px&#8220; custom_margin=&#8220;||50px||false|false&#8220; global_colors_info=&#8220;{}&#8220;][et_pb_column type=&#8220;4_4&#8243; _builder_version=&#8220;4.21.0&#8243; _module_preset=&#8220;default&#8220; global_colors_info=&#8220;{}&#8220;][et_pb_text _builder_version=&#8220;4.21.0&#8243; _module_preset=&#8220;default&#8220; link_text_color=&#8220;#61B12F&#8220; text_orientation=&#8220;center&#8220; global_colors_info=&#8220;{}&#8220;]<\/p>\n<h2>BLAS<\/h2>\n<h3>Handgefertigtes Bio-Bier in einer alten Genossenschaftsmolkerei<\/h3>\n<p><a href=\"https:\/\/www.blas.beer\/\" target=\"_blank\" rel=\"noopener\">Lesen Sie mehr auf blas.beer\u2192<\/a><\/p>\n<p>[\/et_pb_text][et_pb_image src=&#8220;https:\/\/randboldalcamping.dk\/wp-content\/uploads\/2023\/05\/1-1.jpg&#8220; title_text=&#8220;  lokal gebrautes Bier von BLAS&#8220; _builder_version=&#8220;4.21.0&#8243; _module_preset=&#8220;default&#8220; custom_margin=&#8220;||0px||false|false&#8220; global_colors_info=&#8220;{}&#8220;][\/et_pb_image][et_pb_image src=&#8220;https:\/\/randboldalcamping.dk\/wp-content\/uploads\/2023\/05\/2-1.jpg&#8220; title_text=&#8220;  lokal gebrautes Bier aus BLAS_1&#8243; _builder_version=&#8220;4.21.0&#8243; _module_preset=&#8220;default&#8220; custom_padding=&#8220;0px||0px||false|false&#8220; global_colors_info=&#8220;{}&#8220;][\/et_pb_image][et_pb_button button_url=&#8220;https:\/\/randboldalcamping.dk\/wp-content\/uploads\/2023\/05\/BLAS-bryggeri-1.pdf&#8220; url_new_window=&#8220;on&#8220; button_text=&#8220;Gutschein herunterladen oder ausdrucken&#8220; button_alignment=&#8220;center&#8220; _builder_version=&#8220;4.21.0&#8243; _module_preset=&#8220;default&#8220; custom_button=&#8220;on&#8220; button_text_size=&#8220;22px&#8220; global_colors_info=&#8220;{}&#8220;][\/et_pb_button][\/et_pb_column][\/et_pb_row][\/et_pb_section]<\/p>\n","protected":false},"excerpt":{"rendered":"<p>Aktivurlaub auf Randb\u00f8ldal CampingGehen Sie raus und entdecken Sie die GegendDrucken Sie einen Gutschein aus und erhalten Sie einen RabattErm\u00e4\u00dfigungen f\u00fcr Veranstaltungen in der RegionHier finden Sie Gutscheine, die Sie [&hellip;]<\/p>\n","protected":false},"author":3,"featured_media":0,"parent":0,"menu_order":0,"comment_status":"closed","ping_status":"closed","template":"","meta":{"_et_pb_use_builder":"on","_et_pb_old_content":"","_et_gb_content_width":"","_price":"","_stock":"","_tribe_ticket_header":"","_tribe_default_ticket_provider":"","_tribe_ticket_capacity":"0","_ticket_start_date":"","_ticket_end_date":"","_tribe_ticket_show_description":"","_tribe_ticket_show_not_going":false,"_tribe_ticket_use_global_stock":"","_tribe_ticket_global_stock_level":"","_global_stock_mode":"","_global_stock_cap":"","_tribe_rsvp_for_event":"","_tribe_ticket_going_count":"","_tribe_ticket_not_going_count":"","_tribe_tickets_list":"[]","_tribe_ticket_has_attendee_info_fields":false,"footnotes":"","_tec_slr_enabled":"","_tec_slr_layout":""},"difl_page_category":[],"class_list":["post-811366","page","type-page","status-publish","hentry"],"yoast_head":"<!-- This site is optimized with the Yoast SEO plugin v27.5 - https:\/\/yoast.com\/product\/yoast-seo-wordpress\/ -->\n<title>Erm\u00e4\u00dfigungen f\u00fcr Erlebnisse - Randb\u00f8ldal Camping<\/title>\n<meta name=\"robots\" content=\"index, follow, max-snippet:-1, max-image-preview:large, max-video-preview:-1\" \/>\n<link rel=\"canonical\" href=\"https:\/\/randboldalcamping.dk\/de\/ermaessigungen-fuer-erlebnisse\/\" \/>\n<meta property=\"og:locale\" content=\"de_DE\" \/>\n<meta property=\"og:type\" content=\"article\" \/>\n<meta property=\"og:title\" content=\"Erm\u00e4\u00dfigungen f\u00fcr Erlebnisse - Randb\u00f8ldal Camping\" \/>\n<meta property=\"og:description\" content=\"Aktivurlaub auf Randb\u00f8ldal CampingGehen Sie raus und entdecken Sie die GegendDrucken Sie einen Gutschein aus und erhalten Sie einen RabattErm\u00e4\u00dfigungen f\u00fcr Veranstaltungen in der RegionHier finden Sie Gutscheine, die Sie [&hellip;]\" \/>\n<meta property=\"og:url\" content=\"https:\/\/randboldalcamping.dk\/de\/ermaessigungen-fuer-erlebnisse\/\" \/>\n<meta property=\"og:site_name\" content=\"Randb\u00f8ldal Camping\" \/>\n<meta property=\"article:modified_time\" content=\"2024-03-13T10:24:22+00:00\" \/>\n<meta name=\"twitter:card\" content=\"summary_large_image\" \/>\n<meta name=\"twitter:label1\" content=\"Gesch\u00e4tzte Lesezeit\" \/>\n\t<meta name=\"twitter:data1\" content=\"9\u00a0Minuten\" \/>\n<script type=\"application\/ld+json\" class=\"yoast-schema-graph\">{\"@context\":\"https:\\\/\\\/schema.org\",\"@graph\":[{\"@type\":\"WebPage\",\"@id\":\"https:\\\/\\\/randboldalcamping.dk\\\/de\\\/ermaessigungen-fuer-erlebnisse\\\/\",\"url\":\"https:\\\/\\\/randboldalcamping.dk\\\/de\\\/ermaessigungen-fuer-erlebnisse\\\/\",\"name\":\"Erm\u00e4\u00dfigungen f\u00fcr Erlebnisse - Randb\u00f8ldal Camping\",\"isPartOf\":{\"@id\":\"https:\\\/\\\/randboldalcamping.dk\\\/de\\\/#website\"},\"datePublished\":\"2023-05-16T11:57:34+00:00\",\"dateModified\":\"2024-03-13T10:24:22+00:00\",\"breadcrumb\":{\"@id\":\"https:\\\/\\\/randboldalcamping.dk\\\/de\\\/ermaessigungen-fuer-erlebnisse\\\/#breadcrumb\"},\"inLanguage\":\"de\",\"potentialAction\":[{\"@type\":\"ReadAction\",\"target\":[\"https:\\\/\\\/randboldalcamping.dk\\\/de\\\/ermaessigungen-fuer-erlebnisse\\\/\"]}]},{\"@type\":\"BreadcrumbList\",\"@id\":\"https:\\\/\\\/randboldalcamping.dk\\\/de\\\/ermaessigungen-fuer-erlebnisse\\\/#breadcrumb\",\"itemListElement\":[{\"@type\":\"ListItem\",\"position\":1,\"name\":\"Hjem\",\"item\":\"https:\\\/\\\/randboldalcamping.dk\\\/de\\\/\"},{\"@type\":\"ListItem\",\"position\":2,\"name\":\"Erm\u00e4\u00dfigungen f\u00fcr Erlebnisse\"}]},{\"@type\":\"WebSite\",\"@id\":\"https:\\\/\\\/randboldalcamping.dk\\\/de\\\/#website\",\"url\":\"https:\\\/\\\/randboldalcamping.dk\\\/de\\\/\",\"name\":\"Randb\u00f8ldal Camping\",\"description\":\"Overnatninger t\u00e6t p\u00e5 Billund og Vejle\",\"potentialAction\":[{\"@type\":\"SearchAction\",\"target\":{\"@type\":\"EntryPoint\",\"urlTemplate\":\"https:\\\/\\\/randboldalcamping.dk\\\/de\\\/?s={search_term_string}\"},\"query-input\":{\"@type\":\"PropertyValueSpecification\",\"valueRequired\":true,\"valueName\":\"search_term_string\"}}],\"inLanguage\":\"de\"}]}<\/script>\n<!-- \/ Yoast SEO plugin. -->","yoast_head_json":{"title":"Erm\u00e4\u00dfigungen f\u00fcr Erlebnisse - Randb\u00f8ldal Camping","robots":{"index":"index","follow":"follow","max-snippet":"max-snippet:-1","max-image-preview":"max-image-preview:large","max-video-preview":"max-video-preview:-1"},"canonical":"https:\/\/randboldalcamping.dk\/de\/ermaessigungen-fuer-erlebnisse\/","og_locale":"de_DE","og_type":"article","og_title":"Erm\u00e4\u00dfigungen f\u00fcr Erlebnisse - Randb\u00f8ldal Camping","og_description":"Aktivurlaub auf Randb\u00f8ldal CampingGehen Sie raus und entdecken Sie die GegendDrucken Sie einen Gutschein aus und erhalten Sie einen RabattErm\u00e4\u00dfigungen f\u00fcr Veranstaltungen in der RegionHier finden Sie Gutscheine, die Sie [&hellip;]","og_url":"https:\/\/randboldalcamping.dk\/de\/ermaessigungen-fuer-erlebnisse\/","og_site_name":"Randb\u00f8ldal Camping","article_modified_time":"2024-03-13T10:24:22+00:00","twitter_card":"summary_large_image","twitter_misc":{"Gesch\u00e4tzte Lesezeit":"9\u00a0Minuten"},"schema":{"@context":"https:\/\/schema.org","@graph":[{"@type":"WebPage","@id":"https:\/\/randboldalcamping.dk\/de\/ermaessigungen-fuer-erlebnisse\/","url":"https:\/\/randboldalcamping.dk\/de\/ermaessigungen-fuer-erlebnisse\/","name":"Erm\u00e4\u00dfigungen f\u00fcr Erlebnisse - Randb\u00f8ldal Camping","isPartOf":{"@id":"https:\/\/randboldalcamping.dk\/de\/#website"},"datePublished":"2023-05-16T11:57:34+00:00","dateModified":"2024-03-13T10:24:22+00:00","breadcrumb":{"@id":"https:\/\/randboldalcamping.dk\/de\/ermaessigungen-fuer-erlebnisse\/#breadcrumb"},"inLanguage":"de","potentialAction":[{"@type":"ReadAction","target":["https:\/\/randboldalcamping.dk\/de\/ermaessigungen-fuer-erlebnisse\/"]}]},{"@type":"BreadcrumbList","@id":"https:\/\/randboldalcamping.dk\/de\/ermaessigungen-fuer-erlebnisse\/#breadcrumb","itemListElement":[{"@type":"ListItem","position":1,"name":"Hjem","item":"https:\/\/randboldalcamping.dk\/de\/"},{"@type":"ListItem","position":2,"name":"Erm\u00e4\u00dfigungen f\u00fcr Erlebnisse"}]},{"@type":"WebSite","@id":"https:\/\/randboldalcamping.dk\/de\/#website","url":"https:\/\/randboldalcamping.dk\/de\/","name":"Randb\u00f8ldal Camping","description":"Overnatninger t\u00e6t p\u00e5 Billund og Vejle","potentialAction":[{"@type":"SearchAction","target":{"@type":"EntryPoint","urlTemplate":"https:\/\/randboldalcamping.dk\/de\/?s={search_term_string}"},"query-input":{"@type":"PropertyValueSpecification","valueRequired":true,"valueName":"search_term_string"}}],"inLanguage":"de"}]}},"publishpress_future_action":{"enabled":false,"date":"2026-05-06 07:32:14","action":"change-status","newStatus":"draft","terms":[],"taxonomy":"translation_priority","extraData":[]},"publishpress_future_workflow_manual_trigger":{"enabledWorkflows":[]},"ticketed":false,"_links":{"self":[{"href":"https:\/\/randboldalcamping.dk\/de\/wp-json\/wp\/v2\/pages\/811366","targetHints":{"allow":["GET"]}}],"collection":[{"href":"https:\/\/randboldalcamping.dk\/de\/wp-json\/wp\/v2\/pages"}],"about":[{"href":"https:\/\/randboldalcamping.dk\/de\/wp-json\/wp\/v2\/types\/page"}],"author":[{"embeddable":true,"href":"https:\/\/randboldalcamping.dk\/de\/wp-json\/wp\/v2\/users\/3"}],"replies":[{"embeddable":true,"href":"https:\/\/randboldalcamping.dk\/de\/wp-json\/wp\/v2\/comments?post=811366"}],"version-history":[{"count":9,"href":"https:\/\/randboldalcamping.dk\/de\/wp-json\/wp\/v2\/pages\/811366\/revisions"}],"predecessor-version":[{"id":813700,"href":"https:\/\/randboldalcamping.dk\/de\/wp-json\/wp\/v2\/pages\/811366\/revisions\/813700"}],"wp:attachment":[{"href":"https:\/\/randboldalcamping.dk\/de\/wp-json\/wp\/v2\/media?parent=811366"}],"wp:term":[{"taxonomy":"difl_page_category","embeddable":true,"href":"https:\/\/randboldalcamping.dk\/de\/wp-json\/wp\/v2\/difl_page_category?post=811366"}],"curies":[{"name":"wp","href":"https:\/\/api.w.org\/{rel}","templated":true}]}}