{"id":804367,"date":"2023-02-23T09:00:04","date_gmt":"2023-02-23T08:00:04","guid":{"rendered":"https:\/\/randboldalcamping.dk\/shop\/"},"modified":"2023-06-21T11:42:51","modified_gmt":"2023-06-21T10:42:51","slug":"shop","status":"publish","type":"page","link":"https:\/\/randboldalcamping.dk\/de\/shop\/","title":{"rendered":"Shop"},"content":{"rendered":"<p>[et_pb_section fb_built=&#8220;1&#8243; _builder_version=&#8220;4.20.0&#8243; background_color=&#8220;rgba(144,24,29,0)&#8220; custom_padding=&#8220;0px||0px||true|&#8220; global_colors_info=&#8220;{}&#8220;][et_pb_row column_structure=&#8220;1_4,1_4,1_2&#8243; use_custom_gutter=&#8220;on&#8220; gutter_width=&#8220;1&#8243; make_equal=&#8220;on&#8220; _builder_version=&#8220;4.20.0&#8243; background_color=&#8220;rgba(144,24,29,0)&#8220; width=&#8220;100%&#8220; max_width=&#8220;100%&#8220; custom_padding=&#8220;0px||0px||true|false&#8220; global_colors_info=&#8220;{}&#8220;][et_pb_column type=&#8220;1_4&#8243; _builder_version=&#8220;4.19.4&#8243; background_color=&#8220;#54B6BD&#8220; border_width_right=&#8220;10px&#8220; border_color_right=&#8220;#FFFFFF&#8220; border_width_right_tablet=&#8220;&#8220; border_width_right_phone=&#8220;0px&#8220; border_width_right_last_edited=&#8220;on|phone&#8220; border_width_bottom_tablet=&#8220;&#8220; border_width_bottom_phone=&#8220;10px&#8220; border_width_bottom_last_edited=&#8220;on|phone&#8220; border_color_bottom_tablet=&#8220;&#8220; border_color_bottom_phone=&#8220;#ffffff&#8220; border_color_bottom_last_edited=&#8220;on|phone&#8220; global_colors_info=&#8220;{}&#8220;][et_pb_divider show_divider=&#8220;off&#8220; _builder_version=&#8220;4.20.0&#8243; background_image=&#8220;https:\/\/randboldalcamping.dk\/wp-content\/uploads\/2023\/02\/Butikken-ligger-lige-ved-indgangen-til-campingpladsen.jpg&#8220; background_enable_video_mp4=&#8220;off&#8220; custom_padding=&#8220;42%||42%||true|false&#8220; border_color_top=&#8220;#FFFFFF&#8220; border_width_bottom=&#8220;10px&#8220; border_color_bottom=&#8220;#FFFFFF&#8220; global_colors_info=&#8220;{}&#8220;][\/et_pb_divider][et_pb_image src=&#8220;https:\/\/randboldalcamping.dk\/wp-content\/uploads\/2023\/01\/Artboard-20.png&#8220; title_text=&#8220;Randb\u00f8ldal Camping &#8211; Gr\u00fcnes Camping&#8220; url=&#8220;@ET-DC@eyJkeW5hbWljIjp0cnVlLCJjb250ZW50IjoiaG9tZV91cmwiLCJzZXR0aW5ncyI6e319@&#8220; admin_label=&#8220;Logo til undersider&#8220; _builder_version=&#8220;4.20.2&#8243; _dynamic_attributes=&#8220;url&#8220; _module_preset=&#8220;default&#8220; positioning=&#8220;absolute&#8220; position_origin_a=&#8220;top_center&#8220; vertical_offset=&#8220;150px&#8220; horizontal_offset=&#8220;19px&#8220; z_index=&#8220;189&#8243; width=&#8220;70%&#8220; global_module=&#8220;799441&#8243; global_colors_info=&#8220;{}&#8220;][\/et_pb_image][et_pb_text _builder_version=&#8220;4.20.0&#8243; text_font=&#8220;||||||||&#8220; text_text_color=&#8220;#FFFFFF&#8220; text_font_size=&#8220;25px&#8220; text_line_height=&#8220;1.4em&#8220; header_2_font=&#8220;||||||||&#8220; header_2_text_color=&#8220;#FFFFFF&#8220; custom_padding=&#8220;70px|50px||50px|false|true&#8220; global_colors_info=&#8220;{}&#8220;]<\/p>\n<h2>Wir haben alles, was Sie brauchen<\/h2>\n<p>[\/et_pb_text][et_pb_text _builder_version=&#8220;4.20.0&#8243; text_font=&#8220;||||||||&#8220; text_text_color=&#8220;#ffffff&#8220; text_font_size=&#8220;18px&#8220; text_line_height=&#8220;1.8em&#8220; custom_padding=&#8220;20px|50px||50px|false|true&#8220; global_colors_info=&#8220;{}&#8220;]<\/p>\n<p>Einschlie\u00dflich Fr\u00fchst\u00fccksbrot, Getr\u00e4nke, S\u00fc\u00dfigkeiten und Chips<\/p>\n<p>[\/et_pb_text][et_pb_button button_url=&#8220;#aabningstiderbutik&#8220; button_text=&#8220;\u00d6ffnungszeiten der Gesch\u00e4fte&#8220; _builder_version=&#8220;4.20.2&#8243; custom_button=&#8220;on&#8220; button_text_size=&#8220;14px&#8220; button_bg_color=&#8220;rgba(255,94,20,0)&#8220; button_border_width=&#8220;0px&#8220; button_border_color=&#8220;#74B83E&#8220; button_border_radius=&#8220;0px&#8220; button_font=&#8220;|500|||||||&#8220; button_icon=&#8220;&#x3d;||divi||400&#8243; button_on_hover=&#8220;off&#8220; position_origin_a=&#8220;top_center&#8220; horizontal_offset=&#8220;49px&#8220; background_layout=&#8220;dark&#8220; custom_margin=&#8220;20px||||false|false&#8220; custom_padding=&#8220;20px|50px|20px|50px|true|true&#8220; global_colors_info=&#8220;{}&#8220; button_text_color__hover_enabled=&#8220;on|desktop&#8220; button_text_color__hover=&#8220;#0E204C&#8220; button_bg_color__hover_enabled=&#8220;on&#8220; button_bg_color__hover=&#8220;rgba(14,32,76,0)&#8220; button_bg_enable_color__hover=&#8220;on&#8220; button_border_color__hover_enabled=&#8220;on&#8220; button_border_color__hover=&#8220;#0E204C&#8220; button_letter_spacing__hover_enabled=&#8220;on&#8220; button_letter_spacing__hover=&#8220;0px&#8220;][\/et_pb_button][\/et_pb_column][et_pb_column type=&#8220;1_4&#8243; _builder_version=&#8220;4.19.4&#8243; background_color=&#8220;#74B83E&#8220; border_width_top_tablet=&#8220;&#8220; border_width_top_phone=&#8220;0px&#8220; border_width_top_last_edited=&#8220;on|phone&#8220; border_color_top_tablet=&#8220;&#8220; border_color_top_phone=&#8220;#ffffff&#8220; border_color_top_last_edited=&#8220;on|phone&#8220; border_width_bottom_tablet=&#8220;&#8220; border_width_bottom_phone=&#8220;10px&#8220; border_width_bottom_last_edited=&#8220;on|phone&#8220; border_color_bottom_tablet=&#8220;&#8220; border_color_bottom_phone=&#8220;#ffffff&#8220; border_color_bottom_last_edited=&#8220;on|phone&#8220; global_colors_info=&#8220;{}&#8220;][et_pb_text _builder_version=&#8220;4.20.0&#8243; text_font=&#8220;||||||||&#8220; text_text_color=&#8220;#FFFFFF&#8220; text_font_size=&#8220;25px&#8220; text_line_height=&#8220;1.4em&#8220; header_2_font=&#8220;||||||||&#8220; header_2_text_color=&#8220;#FFFFFF&#8220; custom_padding=&#8220;130px|50px||50px|false|true&#8220; global_colors_info=&#8220;{}&#8220;]<\/p>\n<h2>Einkaufsm\u00f6glichkeiten  <\/h2>\n<p>[\/et_pb_text][et_pb_text _builder_version=&#8220;4.20.0&#8243; text_font=&#8220;||||||||&#8220; text_text_color=&#8220;#FFFFFF&#8220; text_font_size=&#8220;18px&#8220; text_line_height=&#8220;1.8em&#8220; custom_padding=&#8220;20px|50px||50px|false|true&#8220; global_colors_info=&#8220;{}&#8220;]<\/p>\n<p>Unser Laden befindet sich am Eingang des Campingplatzes<\/p>\n<p>[\/et_pb_text][et_pb_button button_url=&#8220;#aabningstiderbutik&#8220; button_text=&#8220;\u00d6ffnungszeiten der Gesch\u00e4fte&#8220; _builder_version=&#8220;4.20.2&#8243; custom_button=&#8220;on&#8220; button_text_size=&#8220;14px&#8220; button_bg_color=&#8220;rgba(255,94,20,0)&#8220; button_border_width=&#8220;0px&#8220; button_border_color=&#8220;#74B83E&#8220; button_border_radius=&#8220;0px&#8220; button_font=&#8220;|500|||||||&#8220; button_icon=&#8220;&#x3d;||divi||400&#8243; button_on_hover=&#8220;off&#8220; position_origin_a=&#8220;top_center&#8220; horizontal_offset=&#8220;49px&#8220; background_layout=&#8220;dark&#8220; custom_margin=&#8220;20px||20px||true&#8220; custom_padding=&#8220;20px|50px|20px|50px|true|true&#8220; global_colors_info=&#8220;{}&#8220; button_text_color__hover_enabled=&#8220;on|desktop&#8220; button_text_color__hover=&#8220;#0E204C&#8220; button_bg_color__hover_enabled=&#8220;on&#8220; button_bg_color__hover=&#8220;rgba(14,32,76,0)&#8220; button_bg_enable_color__hover=&#8220;on&#8220; button_border_color__hover_enabled=&#8220;on&#8220; button_border_color__hover=&#8220;#0E204C&#8220; button_letter_spacing__hover_enabled=&#8220;on&#8220; button_letter_spacing__hover=&#8220;0px&#8220;][\/et_pb_button][et_pb_button _builder_version=&#8220;4.19.4&#8243; _module_preset=&#8220;default&#8220; global_colors_info=&#8220;{}&#8220;][\/et_pb_button][et_pb_divider show_divider=&#8220;off&#8220; _builder_version=&#8220;4.20.0&#8243; background_image=&#8220;https:\/\/randboldalcamping.dk\/wp-content\/uploads\/2023\/02\/19.jpg&#8220; custom_padding=&#8220;42%||42%||true|false&#8220; border_width_top=&#8220;10px&#8220; border_color_top=&#8220;#FFFFFF&#8220; global_colors_info=&#8220;{}&#8220;][\/et_pb_divider][\/et_pb_column][et_pb_column type=&#8220;1_2&#8243; disabled_on=&#8220;off|off|off&#8220; _builder_version=&#8220;4.20.0&#8243; background_image=&#8220;https:\/\/randboldalcamping.dk\/wp-content\/uploads\/2023\/01\/45.jpg&#8220; background_enable_video_mp4=&#8220;off&#8220; border_width_left=&#8220;10px&#8220; border_color_left=&#8220;#FFFFFF&#8220; border_width_top_tablet=&#8220;10px&#8220; border_width_top_phone=&#8220;0px&#8220; border_width_top_last_edited=&#8220;on|tablet&#8220; border_color_top_tablet=&#8220;#ffffff&#8220; border_color_top_phone=&#8220;&#8220; border_color_top_last_edited=&#8220;on|tablet&#8220; border_width_left_tablet=&#8220;0px&#8220; border_width_left_phone=&#8220;0px&#8220; border_width_left_last_edited=&#8220;on|phone&#8220; global_colors_info=&#8220;{}&#8220;][et_pb_divider show_divider=&#8220;off&#8220; disabled_on=&#8220;off|off|on&#8220; _builder_version=&#8220;4.20.0&#8243; custom_padding=&#8220;30%||30%||true|false&#8220; global_colors_info=&#8220;{}&#8220;][\/et_pb_divider][\/et_pb_column][\/et_pb_row][\/et_pb_section][et_pb_section fb_built=&#8220;1&#8243; _builder_version=&#8220;4.19.4&#8243; _module_preset=&#8220;default&#8220; global_colors_info=&#8220;{}&#8220;][et_pb_row column_structure=&#8220;2_5,3_5&#8243; _builder_version=&#8220;4.20.0&#8243; _module_preset=&#8220;default&#8220; max_width=&#8220;1260px&#8220; global_colors_info=&#8220;{}&#8220;][et_pb_column type=&#8220;2_5&#8243; _builder_version=&#8220;4.20.0&#8243; _module_preset=&#8220;default&#8220; global_colors_info=&#8220;{}&#8220;][et_pb_image src=&#8220;https:\/\/randboldalcamping.dk\/wp-content\/uploads\/2023\/02\/Randboeldal-campings-groenne-hjerte.png&#8220; title_text=&#8220;Das gr\u00fcne Herz von Randb\u00f8ldal Camping&#8220; _builder_version=&#8220;4.20.0&#8243; _module_preset=&#8220;default&#8220; global_colors_info=&#8220;{}&#8220;][\/et_pb_image][\/et_pb_column][et_pb_column type=&#8220;3_5&#8243; _builder_version=&#8220;4.20.0&#8243; _module_preset=&#8220;default&#8220; global_colors_info=&#8220;{}&#8220;][et_pb_text _builder_version=&#8220;4.21.0&#8243; header_font=&#8220;Poppins|700|||||||&#8220; header_text_align=&#8220;center&#8220; header_text_color=&#8220;#000000&#8243; header_font_size=&#8220;35px&#8220; header_line_height=&#8220;1.3em&#8220; header_2_text_align=&#8220;center&#8220; header_2_font_size=&#8220;41px&#8220; module_alignment=&#8220;left&#8220; header_font_size_tablet=&#8220;&#8220; header_font_size_phone=&#8220;30px&#8220; header_font_size_last_edited=&#8220;on|desktop&#8220; header_2_font_size_tablet=&#8220;41px&#8220; header_2_font_size_phone=&#8220;32px&#8220; header_2_font_size_last_edited=&#8220;on|phone&#8220; global_colors_info=&#8220;{}&#8220;]<\/p>\n<h2 style=\"text-align: left;\">Direkt am Eingang<br \/>finden Sie unser Gesch\u00e4ft<\/h2>\n<p>[\/et_pb_text][et_pb_text module_id=&#8220;aabningstiderbutik&#8220; _builder_version=&#8220;4.20.0&#8243; _module_preset=&#8220;default&#8220; global_colors_info=&#8220;{}&#8220;]<\/p>\n<p>Einkaufsm\u00f6glichkeiten befinden sich direkt au\u00dferhalb des Zeltes. Unser Laden befindet sich am Eingang des Campingplatzes und wir haben alles, was Sie f\u00fcr Ihren Urlaub brauchen, einschlie\u00dflich Brot, Getr\u00e4nke, S\u00fc\u00dfigkeiten und Chips, um Ihre Tage zu versch\u00f6nern.<\/p>\n<p>Sie k\u00f6nnen Brot und Br\u00f6tchen frisch aus dem Ofen mitnehmen. Wir haben sowohl normales Brot als auch Teebirkes und andere traditionelle d\u00e4nische Backwaren. Sie k\u00f6nnen auch am Vortag Brot bestellen, was wir in der Hochsaison empfehlen.<\/p>\n<p>[\/et_pb_text][et_pb_text _builder_version=&#8220;4.20.0&#8243; _module_preset=&#8220;default&#8220; global_colors_info=&#8220;{}&#8220;]<\/p>\n<h3>\u00d6ffnungszeiten des Ladens<\/h3>\n<p>W\u00e4hrend der Sommersaison ist unser Gesch\u00e4ft t\u00e4glich von 8:00 bis 21:00 Uhr ge\u00f6ffnet. Im Winter ist der Laden geschlossen, aber dann sind die n\u00e4chsten Einkaufsm\u00f6glichkeiten nur 3 km vom Campingplatz entfernt.<\/p>\n<p>[\/et_pb_text][\/et_pb_column][\/et_pb_row][\/et_pb_section]<\/p>\n","protected":false},"excerpt":{"rendered":"<p>Wir haben alles, was Sie brauchenEinschlie\u00dflich Fr\u00fchst\u00fccksbrot, Getr\u00e4nke, S\u00fc\u00dfigkeiten und ChipsEinkaufsm\u00f6glichkeiten Unser Laden befindet sich am Eingang des CampingplatzesDirekt am Eingangfinden Sie unser Gesch\u00e4ftEinkaufsm\u00f6glichkeiten befinden sich direkt au\u00dferhalb des Zeltes. [&hellip;]<\/p>\n","protected":false},"author":3,"featured_media":0,"parent":0,"menu_order":0,"comment_status":"closed","ping_status":"closed","template":"","meta":{"_et_pb_use_builder":"on","_et_pb_old_content":"","_et_gb_content_width":"","_price":"","_stock":"","_tribe_ticket_header":"","_tribe_default_ticket_provider":"","_tribe_ticket_capacity":"0","_ticket_start_date":"","_ticket_end_date":"","_tribe_ticket_show_description":"","_tribe_ticket_show_not_going":false,"_tribe_ticket_use_global_stock":"","_tribe_ticket_global_stock_level":"","_global_stock_mode":"","_global_stock_cap":"","_tribe_rsvp_for_event":"","_tribe_ticket_going_count":"","_tribe_ticket_not_going_count":"","_tribe_tickets_list":"[]","_tribe_ticket_has_attendee_info_fields":false,"footnotes":"","_tec_slr_enabled":"","_tec_slr_layout":""},"difl_page_category":[],"class_list":["post-804367","page","type-page","status-publish","hentry"],"yoast_head":"<!-- This site is optimized with the Yoast SEO plugin v27.3 - https:\/\/yoast.com\/product\/yoast-seo-wordpress\/ -->\n<title>Shop - Randb\u00f8ldal Camping<\/title>\n<meta name=\"robots\" content=\"index, follow, max-snippet:-1, max-image-preview:large, max-video-preview:-1\" \/>\n<link rel=\"canonical\" href=\"https:\/\/randboldalcamping.dk\/de\/shop\/\" \/>\n<meta property=\"og:locale\" content=\"de_DE\" \/>\n<meta property=\"og:type\" content=\"article\" \/>\n<meta property=\"og:title\" content=\"Shop - Randb\u00f8ldal Camping\" \/>\n<meta property=\"og:description\" content=\"Wir haben alles, was Sie brauchenEinschlie\u00dflich Fr\u00fchst\u00fccksbrot, Getr\u00e4nke, S\u00fc\u00dfigkeiten und ChipsEinkaufsm\u00f6glichkeiten Unser Laden befindet sich am Eingang des CampingplatzesDirekt am Eingangfinden Sie unser Gesch\u00e4ftEinkaufsm\u00f6glichkeiten befinden sich direkt au\u00dferhalb des Zeltes. [&hellip;]\" \/>\n<meta property=\"og:url\" content=\"https:\/\/randboldalcamping.dk\/de\/shop\/\" \/>\n<meta property=\"og:site_name\" content=\"Randb\u00f8ldal Camping\" \/>\n<meta property=\"article:modified_time\" content=\"2023-06-21T10:42:51+00:00\" \/>\n<meta name=\"twitter:card\" content=\"summary_large_image\" \/>\n<meta name=\"twitter:label1\" content=\"Gesch\u00e4tzte Lesezeit\" \/>\n\t<meta name=\"twitter:data1\" content=\"6\u00a0Minuten\" \/>\n<script type=\"application\/ld+json\" class=\"yoast-schema-graph\">{\"@context\":\"https:\\\/\\\/schema.org\",\"@graph\":[{\"@type\":\"WebPage\",\"@id\":\"https:\\\/\\\/randboldalcamping.dk\\\/de\\\/shop\\\/\",\"url\":\"https:\\\/\\\/randboldalcamping.dk\\\/de\\\/shop\\\/\",\"name\":\"Shop - Randb\u00f8ldal Camping\",\"isPartOf\":{\"@id\":\"https:\\\/\\\/randboldalcamping.dk\\\/de\\\/#website\"},\"datePublished\":\"2023-02-23T08:00:04+00:00\",\"dateModified\":\"2023-06-21T10:42:51+00:00\",\"breadcrumb\":{\"@id\":\"https:\\\/\\\/randboldalcamping.dk\\\/de\\\/shop\\\/#breadcrumb\"},\"inLanguage\":\"de\",\"potentialAction\":[{\"@type\":\"ReadAction\",\"target\":[\"https:\\\/\\\/randboldalcamping.dk\\\/de\\\/shop\\\/\"]}]},{\"@type\":\"BreadcrumbList\",\"@id\":\"https:\\\/\\\/randboldalcamping.dk\\\/de\\\/shop\\\/#breadcrumb\",\"itemListElement\":[{\"@type\":\"ListItem\",\"position\":1,\"name\":\"Hjem\",\"item\":\"https:\\\/\\\/randboldalcamping.dk\\\/de\\\/\"},{\"@type\":\"ListItem\",\"position\":2,\"name\":\"Shop\"}]},{\"@type\":\"WebSite\",\"@id\":\"https:\\\/\\\/randboldalcamping.dk\\\/de\\\/#website\",\"url\":\"https:\\\/\\\/randboldalcamping.dk\\\/de\\\/\",\"name\":\"Randb\u00f8ldal Camping\",\"description\":\"Overnatninger t\u00e6t p\u00e5 Billund og Vejle\",\"potentialAction\":[{\"@type\":\"SearchAction\",\"target\":{\"@type\":\"EntryPoint\",\"urlTemplate\":\"https:\\\/\\\/randboldalcamping.dk\\\/de\\\/?s={search_term_string}\"},\"query-input\":{\"@type\":\"PropertyValueSpecification\",\"valueRequired\":true,\"valueName\":\"search_term_string\"}}],\"inLanguage\":\"de\"}]}<\/script>\n<!-- \/ Yoast SEO plugin. -->","yoast_head_json":{"title":"Shop - Randb\u00f8ldal Camping","robots":{"index":"index","follow":"follow","max-snippet":"max-snippet:-1","max-image-preview":"max-image-preview:large","max-video-preview":"max-video-preview:-1"},"canonical":"https:\/\/randboldalcamping.dk\/de\/shop\/","og_locale":"de_DE","og_type":"article","og_title":"Shop - Randb\u00f8ldal Camping","og_description":"Wir haben alles, was Sie brauchenEinschlie\u00dflich Fr\u00fchst\u00fccksbrot, Getr\u00e4nke, S\u00fc\u00dfigkeiten und ChipsEinkaufsm\u00f6glichkeiten Unser Laden befindet sich am Eingang des CampingplatzesDirekt am Eingangfinden Sie unser Gesch\u00e4ftEinkaufsm\u00f6glichkeiten befinden sich direkt au\u00dferhalb des Zeltes. [&hellip;]","og_url":"https:\/\/randboldalcamping.dk\/de\/shop\/","og_site_name":"Randb\u00f8ldal Camping","article_modified_time":"2023-06-21T10:42:51+00:00","twitter_card":"summary_large_image","twitter_misc":{"Gesch\u00e4tzte Lesezeit":"6\u00a0Minuten"},"schema":{"@context":"https:\/\/schema.org","@graph":[{"@type":"WebPage","@id":"https:\/\/randboldalcamping.dk\/de\/shop\/","url":"https:\/\/randboldalcamping.dk\/de\/shop\/","name":"Shop - Randb\u00f8ldal Camping","isPartOf":{"@id":"https:\/\/randboldalcamping.dk\/de\/#website"},"datePublished":"2023-02-23T08:00:04+00:00","dateModified":"2023-06-21T10:42:51+00:00","breadcrumb":{"@id":"https:\/\/randboldalcamping.dk\/de\/shop\/#breadcrumb"},"inLanguage":"de","potentialAction":[{"@type":"ReadAction","target":["https:\/\/randboldalcamping.dk\/de\/shop\/"]}]},{"@type":"BreadcrumbList","@id":"https:\/\/randboldalcamping.dk\/de\/shop\/#breadcrumb","itemListElement":[{"@type":"ListItem","position":1,"name":"Hjem","item":"https:\/\/randboldalcamping.dk\/de\/"},{"@type":"ListItem","position":2,"name":"Shop"}]},{"@type":"WebSite","@id":"https:\/\/randboldalcamping.dk\/de\/#website","url":"https:\/\/randboldalcamping.dk\/de\/","name":"Randb\u00f8ldal Camping","description":"Overnatninger t\u00e6t p\u00e5 Billund og Vejle","potentialAction":[{"@type":"SearchAction","target":{"@type":"EntryPoint","urlTemplate":"https:\/\/randboldalcamping.dk\/de\/?s={search_term_string}"},"query-input":{"@type":"PropertyValueSpecification","valueRequired":true,"valueName":"search_term_string"}}],"inLanguage":"de"}]}},"publishpress_future_action":{"enabled":false,"date":"2026-04-21 23:24:50","action":"change-status","newStatus":"draft","terms":[],"taxonomy":"translation_priority","extraData":[]},"publishpress_future_workflow_manual_trigger":{"enabledWorkflows":[]},"ticketed":false,"_links":{"self":[{"href":"https:\/\/randboldalcamping.dk\/de\/wp-json\/wp\/v2\/pages\/804367","targetHints":{"allow":["GET"]}}],"collection":[{"href":"https:\/\/randboldalcamping.dk\/de\/wp-json\/wp\/v2\/pages"}],"about":[{"href":"https:\/\/randboldalcamping.dk\/de\/wp-json\/wp\/v2\/types\/page"}],"author":[{"embeddable":true,"href":"https:\/\/randboldalcamping.dk\/de\/wp-json\/wp\/v2\/users\/3"}],"replies":[{"embeddable":true,"href":"https:\/\/randboldalcamping.dk\/de\/wp-json\/wp\/v2\/comments?post=804367"}],"version-history":[{"count":8,"href":"https:\/\/randboldalcamping.dk\/de\/wp-json\/wp\/v2\/pages\/804367\/revisions"}],"predecessor-version":[{"id":812232,"href":"https:\/\/randboldalcamping.dk\/de\/wp-json\/wp\/v2\/pages\/804367\/revisions\/812232"}],"wp:attachment":[{"href":"https:\/\/randboldalcamping.dk\/de\/wp-json\/wp\/v2\/media?parent=804367"}],"wp:term":[{"taxonomy":"difl_page_category","embeddable":true,"href":"https:\/\/randboldalcamping.dk\/de\/wp-json\/wp\/v2\/difl_page_category?post=804367"}],"curies":[{"name":"wp","href":"https:\/\/api.w.org\/{rel}","templated":true}]}}