{"id":804344,"date":"2023-03-21T14:05:38","date_gmt":"2023-03-21T13:05:38","guid":{"rendered":"https:\/\/randboldalcamping.dk\/bedingungen-und-konditionen\/"},"modified":"2024-11-22T13:15:49","modified_gmt":"2024-11-22T12:15:49","slug":"bedingungen-und-konditionen","status":"publish","type":"page","link":"https:\/\/randboldalcamping.dk\/de\/bedingungen-und-konditionen\/","title":{"rendered":"Bedingungen und Konditionen"},"content":{"rendered":"<p>[et_pb_section fb_built=&#8220;1&#8243; _builder_version=&#8220;4.20.0&#8243; background_color=&#8220;rgba(144,24,29,0)&#8220; custom_padding=&#8220;0px||0px||true|&#8220; global_colors_info=&#8220;{}&#8220;][et_pb_row column_structure=&#8220;1_4,1_4,1_2&#8243; use_custom_gutter=&#8220;on&#8220; gutter_width=&#8220;1&#8243; make_equal=&#8220;on&#8220; _builder_version=&#8220;4.20.0&#8243; background_color=&#8220;rgba(144,24,29,0)&#8220; width=&#8220;100%&#8220; max_width=&#8220;100%&#8220; custom_padding=&#8220;0px||0px||true|false&#8220; global_colors_info=&#8220;{}&#8220;][et_pb_column type=&#8220;1_4&#8243; _builder_version=&#8220;4.19.4&#8243; background_color=&#8220;#54B6BD&#8220; border_width_right=&#8220;10px&#8220; border_color_right=&#8220;#FFFFFF&#8220; border_width_right_tablet=&#8220;&#8220; border_width_right_phone=&#8220;0px&#8220; border_width_right_last_edited=&#8220;on|phone&#8220; border_width_bottom_tablet=&#8220;&#8220; border_width_bottom_phone=&#8220;10px&#8220; border_width_bottom_last_edited=&#8220;on|phone&#8220; border_color_bottom_tablet=&#8220;&#8220; border_color_bottom_phone=&#8220;#ffffff&#8220; border_color_bottom_last_edited=&#8220;on|phone&#8220; global_colors_info=&#8220;{}&#8220;][et_pb_divider show_divider=&#8220;off&#8220; _builder_version=&#8220;4.20.0&#8243; background_image=&#8220;https:\/\/randboldalcamping.dk\/wp-content\/uploads\/2023\/02\/Ren-natur-i-Randboeldal.jpg&#8220; background_enable_video_mp4=&#8220;off&#8220; custom_padding=&#8220;42%||42%||true|false&#8220; border_color_top=&#8220;#FFFFFF&#8220; border_width_bottom=&#8220;10px&#8220; border_color_bottom=&#8220;#FFFFFF&#8220; global_colors_info=&#8220;{}&#8220;][\/et_pb_divider][et_pb_image src=&#8220;https:\/\/randboldalcamping.dk\/wp-content\/uploads\/2023\/01\/Artboard-20.png&#8220; title_text=&#8220;Randb\u00f8ldal Camping &#8211; Gr\u00fcnes Camping&#8220; url=&#8220;@ET-DC@eyJkeW5hbWljIjp0cnVlLCJjb250ZW50IjoiaG9tZV91cmwiLCJzZXR0aW5ncyI6e319@&#8220; admin_label=&#8220;Logo til undersider&#8220; _builder_version=&#8220;4.25.0&#8243; _dynamic_attributes=&#8220;url&#8220; _module_preset=&#8220;default&#8220; positioning=&#8220;absolute&#8220; position_origin_a=&#8220;top_center&#8220; vertical_offset=&#8220;150px&#8220; horizontal_offset=&#8220;19px&#8220; z_index=&#8220;189&#8243; width=&#8220;70%&#8220; global_module=&#8220;799441&#8243; global_colors_info=&#8220;{}&#8220;][\/et_pb_image][et_pb_text _builder_version=&#8220;4.20.2&#8243; text_font=&#8220;||||||||&#8220; text_text_color=&#8220;#FFFFFF&#8220; text_font_size=&#8220;25px&#8220; text_line_height=&#8220;1.4em&#8220; header_2_font=&#8220;||||||||&#8220; header_2_text_color=&#8220;#FFFFFF&#8220; custom_padding=&#8220;83px|50px||50px|false|true&#8220; global_colors_info=&#8220;{}&#8220;]<\/p>\n<h2>Gute Erfahrungen kann man auf Randb\u00f8ldal Camping machen<\/h2>\n<p>[\/et_pb_text][et_pb_text _builder_version=&#8220;4.20.2&#8243; text_font=&#8220;||||||||&#8220; text_text_color=&#8220;#ffffff&#8220; text_font_size=&#8220;18px&#8220; text_line_height=&#8220;1.8em&#8220; custom_padding=&#8220;|50px||50px|true|true&#8220; custom_padding_tablet=&#8220;|50px||50px|true|true&#8220; custom_padding_phone=&#8220;||10%||false|true&#8220; custom_padding_last_edited=&#8220;on|phone&#8220; global_colors_info=&#8220;{}&#8220;][\/et_pb_text][\/et_pb_column][et_pb_column type=&#8220;1_4&#8243; _builder_version=&#8220;4.19.4&#8243; background_color=&#8220;#74B83E&#8220; border_width_top_tablet=&#8220;&#8220; border_width_top_phone=&#8220;0px&#8220; border_width_top_last_edited=&#8220;on|phone&#8220; border_color_top_tablet=&#8220;&#8220; border_color_top_phone=&#8220;#ffffff&#8220; border_color_top_last_edited=&#8220;on|phone&#8220; border_width_bottom_tablet=&#8220;&#8220; border_width_bottom_phone=&#8220;10px&#8220; border_width_bottom_last_edited=&#8220;on|phone&#8220; border_color_bottom_tablet=&#8220;&#8220; border_color_bottom_phone=&#8220;#ffffff&#8220; border_color_bottom_last_edited=&#8220;on|phone&#8220; global_colors_info=&#8220;{}&#8220;][et_pb_text _builder_version=&#8220;4.20.2&#8243; text_font=&#8220;||||||||&#8220; text_text_color=&#8220;#FFFFFF&#8220; text_font_size=&#8220;25px&#8220; text_line_height=&#8220;1.4em&#8220; header_2_font=&#8220;||||||||&#8220; header_2_text_color=&#8220;#FFFFFF&#8220; custom_padding=&#8220;26.1%|50px||50px|false|true&#8220; global_colors_info=&#8220;{}&#8220;]<\/p>\n<h2>Bedingungen und Konditionen<\/h2>\n<p>[\/et_pb_text][et_pb_text _builder_version=&#8220;4.20.2&#8243; text_font=&#8220;||||||||&#8220; text_text_color=&#8220;#FFFFFF&#8220; text_font_size=&#8220;18px&#8220; text_line_height=&#8220;1.8em&#8220; custom_padding=&#8220;20px|50px|29px|50px|false|true&#8220; global_colors_info=&#8220;{}&#8220;]Handelsbedingungen f\u00fcr<br \/>\nRandb\u00f8ldal Camping ApS<br \/>\n[\/et_pb_text][et_pb_button _builder_version=&#8220;4.19.4&#8243; _module_preset=&#8220;default&#8220; global_colors_info=&#8220;{}&#8220;][\/et_pb_button][et_pb_divider show_divider=&#8220;off&#8220; _builder_version=&#8220;4.20.0&#8243; background_image=&#8220;https:\/\/randboldalcamping.dk\/wp-content\/uploads\/2023\/01\/66.jpg&#8220; custom_padding=&#8220;42.1%||42.1%||true|false&#8220; border_width_top=&#8220;10px&#8220; border_color_top=&#8220;#FFFFFF&#8220; global_colors_info=&#8220;{}&#8220;][\/et_pb_divider][\/et_pb_column][et_pb_column type=&#8220;1_2&#8243; disabled_on=&#8220;off|off|off&#8220; _builder_version=&#8220;4.20.0&#8243; background_image=&#8220;https:\/\/randboldalcamping.dk\/wp-content\/uploads\/2023\/02\/4.jpg&#8220; background_enable_video_mp4=&#8220;off&#8220; border_width_left=&#8220;10px&#8220; border_color_left=&#8220;#FFFFFF&#8220; border_width_top_tablet=&#8220;10px&#8220; border_width_top_phone=&#8220;0px&#8220; border_width_top_last_edited=&#8220;on|tablet&#8220; border_color_top_tablet=&#8220;#ffffff&#8220; border_color_top_phone=&#8220;&#8220; border_color_top_last_edited=&#8220;on|tablet&#8220; border_width_left_tablet=&#8220;0px&#8220; border_width_left_phone=&#8220;0px&#8220; border_width_left_last_edited=&#8220;on|phone&#8220; global_colors_info=&#8220;{}&#8220;][et_pb_divider show_divider=&#8220;off&#8220; disabled_on=&#8220;off|off|on&#8220; _builder_version=&#8220;4.20.0&#8243; custom_padding=&#8220;30%||30%||true|false&#8220; global_colors_info=&#8220;{}&#8220;][\/et_pb_divider][\/et_pb_column][\/et_pb_row][\/et_pb_section][et_pb_section fb_built=&#8220;1&#8243; _builder_version=&#8220;4.19.4&#8243; _module_preset=&#8220;default&#8220; custom_padding=&#8220;||0px|||&#8220; global_colors_info=&#8220;{}&#8220;][et_pb_row column_structure=&#8220;3_5,2_5&#8243; _builder_version=&#8220;4.20.2&#8243; _module_preset=&#8220;default&#8220; max_width=&#8220;1080px&#8220; module_alignment=&#8220;center&#8220; global_colors_info=&#8220;{}&#8220;][et_pb_column type=&#8220;3_5&#8243; _builder_version=&#8220;4.20.2&#8243; _module_preset=&#8220;default&#8220; global_colors_info=&#8220;{}&#8220;][et_pb_text _builder_version=&#8220;4.27.3&#8243; _module_preset=&#8220;default&#8220; global_colors_info=&#8220;{}&#8220;]<\/p>\n<div class=\"elementor-element elementor-element-fa3b2ae elementor-widget elementor-widget-heading\" data-id=\"fa3b2ae\" data-element_type=\"widget\" data-widget_type=\"heading.default\">\n<div class=\"elementor-widget-container\">\n<h2 class=\"elementor-heading-title elementor-size-default\"><strong>Allgemeine Gesch\u00e4ftsbedingungen f\u00fcr Randb\u00f8ldal Camping Aps<\/strong><\/h2>\n<\/div>\n<\/div>\n<div class=\"elementor-element elementor-element-5d93ac3 elementor-widget elementor-widget-text-editor\" data-id=\"5d93ac3\" data-element_type=\"widget\" data-widget_type=\"text-editor.default\">\n<div class=\"elementor-widget-container\">\n<p><strong>G\u00fcltigkeit<\/strong><\/p>\n<p>Allgemeine Gesch\u00e4ftsbedingungen f\u00fcr Randb\u00f8ldal Camping ApS gelten f\u00fcr jede Buchung, Verkauf und andere Lieferungen, sofern nicht ausdr\u00fccklich schriftlich zwischen den Parteien vereinbart.<\/p>\n<\/div>\n<\/div>\n<p>[\/et_pb_text][\/et_pb_column][et_pb_column type=&#8220;2_5&#8243; _builder_version=&#8220;4.20.2&#8243; _module_preset=&#8220;default&#8220; global_colors_info=&#8220;{}&#8220;][et_pb_image src=&#8220;https:\/\/randboldalcamping.dk\/wp-content\/uploads\/2023\/02\/cropped-Randboeldal-campings-groenne-hjerte.png&#8220; title_text=&#8220;Ausschnitt-Randboeldal-Campingplatz-Groenne-Herz.png&#8220; _builder_version=&#8220;4.20.2&#8243; _module_preset=&#8220;default&#8220; width=&#8220;52%&#8220; module_alignment=&#8220;left&#8220; global_colors_info=&#8220;{}&#8220;][\/et_pb_image][\/et_pb_column][\/et_pb_row][\/et_pb_section][et_pb_section fb_built=&#8220;1&#8243; _builder_version=&#8220;4.20.2&#8243; _module_preset=&#8220;default&#8220; global_colors_info=&#8220;{}&#8220;][et_pb_row column_structure=&#8220;1_2,1_2&#8243; _builder_version=&#8220;4.20.2&#8243; _module_preset=&#8220;default&#8220; max_width=&#8220;1080px&#8220; global_colors_info=&#8220;{}&#8220;][et_pb_column type=&#8220;1_2&#8243; _builder_version=&#8220;4.20.2&#8243; _module_preset=&#8220;default&#8220; global_colors_info=&#8220;{}&#8220;][et_pb_text _builder_version=&#8220;4.27.3&#8243; _module_preset=&#8220;default&#8220; global_colors_info=&#8220;{}&#8220;]<\/p>\n<h3>Buchungsbest\u00e4tigung<\/h3>\n<h4><strong>Online Reservierung<\/strong><\/h4>\n<p>Sobald Sie einen Aufenthalt \u00fcber unser Online-Buchungssystem gebucht haben, das Sie unter www.randboldalcamping.dk finden, erhalten Sie umgehend eine Buchungsbest\u00e4tigung, die wir Sie bitten, sorgf\u00e4ltig zu lesen.<br \/>Es liegt in Ihrer Verantwortung als Gast, sicherzustellen, dass die Best\u00e4tigung Ihren W\u00fcnschen entspricht.<\/p>\n<h4><strong>Manuelle Buchung<\/strong><\/h4>\n<p>Wenn Sie einen Aufenthalt telefonisch oder pers\u00f6nlich gebucht haben, nehmen wir die Buchung in Ihrem Namen vor, basierend auf den von Ihnen bereitgestellten Informationen. Nachdem die Buchung registriert wurde, erhalten Sie eine Buchungsbest\u00e4tigung, die Sie bitte sorgf\u00e4ltig lesen. Es liegt in Ihrer Verantwortung als Gast, sicherzustellen, dass die Best\u00e4tigung mit den von Ihnen gemachten Angaben und Ihren W\u00fcnschen f\u00fcr Ihren Aufenthalt \u00fcbereinstimmt.<\/p>\n<p>[\/et_pb_text][et_pb_divider _builder_version=&#8220;4.20.2&#8243; _module_preset=&#8220;default&#8220; global_colors_info=&#8220;{}&#8220;][\/et_pb_divider][et_pb_text _builder_version=&#8220;4.20.2&#8243; _module_preset=&#8220;default&#8220; global_colors_info=&#8220;{}&#8220;]<\/p>\n<h4><strong>Preis<\/strong><\/h4>\n<p>Alle auf unserer Website www.randboldalcamping.dk und auf pers\u00f6nliche Anfrage genannten Preise sind in d\u00e4nischen Kronen einschlie\u00dflich Mehrwertsteuer und aller Steuern angegeben &#8211; es sei denn, es ist ausdr\u00fccklich etwas anderes angegeben oder aus dem jeweiligen Zusammenhang klar ersichtlich.<br \/>\n[\/et_pb_text][et_pb_divider _builder_version=&#8220;4.20.2&#8243; _module_preset=&#8220;default&#8220; global_colors_info=&#8220;{}&#8220;][\/et_pb_divider][et_pb_text _builder_version=&#8220;4.20.2&#8243; _module_preset=&#8220;default&#8220; global_colors_info=&#8220;{}&#8220;]<\/p>\n<h4><strong>Zahlungsbedingungen<\/strong><\/h4>\n<p>Bei der Buchung sowohl \u00fcber unser Online-System als auch pers\u00f6nlich haben wir das Recht, Sie aufzufordern, die Daten Ihrer Debit-\/Kreditkarte anzugeben, damit die Zahlung f\u00fcr Ihren Aufenthalt automatisch abgebucht werden kann.<\/p>\n<p>F\u00fcr Firmenkarten, die innerhalb oder au\u00dferhalb der EU\/des EWR ausgestellt wurden, sowie f\u00fcr private Zahlungskarten, die au\u00dferhalb der EU\/des EWR ausgestellt wurden, wird eine Geb\u00fchr erhoben, die auf Ihrem Beleg erscheint.<br \/>\nDie H\u00f6he der Geb\u00fchr h\u00e4ngt von der Art der Zahlungskarte und dem Land ab, in dem sie ausgegeben wurde.<\/p>\n<p>Wenn Sie \u00fcber unser Online-System oder pers\u00f6nlich buchen, behalten wir uns das Recht vor, die H\u00e4lfte des Gesamtbetrags f\u00fcr Ihren gebuchten Aufenthalt zu berechnen.<\/p>\n<p>Bei Buchungen, die sowohl \u00fcber unser Online-System als auch pers\u00f6nlich sp\u00e4ter als 30 Tage vor der Ankunft erfolgen, behalten wir uns das Recht vor, den Gesamtbetrag Ihres gebuchten Aufenthalts in Rechnung zu stellen.<br \/>\n[\/et_pb_text][et_pb_divider _builder_version=&#8220;4.20.2&#8243; _module_preset=&#8220;default&#8220; global_colors_info=&#8220;{}&#8220;][\/et_pb_divider][et_pb_text _builder_version=&#8220;4.27.3&#8243; _module_preset=&#8220;default&#8220; hover_enabled=&#8220;0&#8243; global_colors_info=&#8220;{}&#8220; sticky_enabled=&#8220;0&#8243;]<\/p>\n<h4><strong>Stornierung des gebuchten Aufenthalts<\/strong><\/h4>\n<p>Sie haben das Recht, Ihre Buchung bis zu 14 Tage vor der Ankunft zu stornieren, jedoch erheben wir eine Bearbeitungsgeb\u00fchr von 250 DKK.(34 \u20ac)<br \/>Wir behalten uns das Recht vor, die H\u00e4lfte des Gesamtpreises f\u00fcr Ihren Aufenthalt zu berechnen, wenn die Stornierung sp\u00e4ter als 14 Tage vor der Ankunft erfolgt.<br \/>Bei Stornierungen sp\u00e4ter als eine Woche vor dem Anreisetag (bis 12 Uhr) verf\u00e4llt der Anspruch auf Geldr\u00fcckerstattung.\u00a0Wenn Sie direkt bei uns gebucht haben, sei es telefonisch, per E-Mail oder \u00fcber unsere eigenes Online-Buchungssystem, haben Sie die M\u00f6glichkeit, die Buchung auf einen anderen Zeitraum innerhalb 31.12 desselben Jahres zu verschieben. Bei einer Verschiebung der Reservierung in einen teureren Zeitraum wird die Differenz in Rechnung gestellt. Bei Verschiebung in einen g\u00fcnstigeren Zeitraum wird die Differenz jedoch nicht erstattet.\u00a0Keine Erm\u00e4\u00dfigung oder R\u00fcckerstattung bei versp\u00e4teter Anreise und\/oder vorzeitiger Abreise.<\/p>\n<p>Stornierungen nur schriftlich an info@randboldalcamping.dk\u00a0 <\/p>\n<p>[\/et_pb_text][et_pb_divider _builder_version=&#8220;4.20.2&#8243; _module_preset=&#8220;default&#8220; global_colors_info=&#8220;{}&#8220;][\/et_pb_divider][\/et_pb_column][et_pb_column type=&#8220;1_2&#8243; _builder_version=&#8220;4.20.2&#8243; _module_preset=&#8220;default&#8220; global_colors_info=&#8220;{}&#8220;][et_pb_text _builder_version=&#8220;4.20.2&#8243; _module_preset=&#8220;default&#8220; global_colors_info=&#8220;{}&#8220;]<\/p>\n<h4><strong>Pers\u00f6nliche Daten<\/strong><\/h4>\n<p>Randb\u00f8ldal Camping ApS speichert Ihren Namen, Ihre Adresse, Ihre E-Mail-Adresse und andere Informationen, die Sie im Zusammenhang mit Ihrer Buchung\/Ihrem Kauf angeben, in unserer Kundendatenbank. Wir registrieren Ihre Daten, damit wir Ihre Buchung bearbeiten k\u00f6nnen. Ihre Daten werden nur in unserem Buchungssystem und in unserem Abrechnungssystem gespeichert.<br \/>\nBeide mit verschl\u00fcsseltem Zugang.<\/p>\n<p>Wir werden Ihre Daten nicht an Dritte weitergeben, es sei denn, Sie haben ausdr\u00fccklich Ihr Einverst\u00e4ndnis dazu gegeben.<\/p>\n<p>In \u00dcbereinstimmung mit den Rechnungslegungsvorschriften bewahren wir Ihre Daten 5 Jahre lang auf, danach werden sie gel\u00f6scht.<\/p>\n<p>Als Gast der Randb\u00f8ldal Camping ApS haben Sie das Recht, jederzeit die L\u00f6schung Ihrer Daten zu verlangen.<br \/>\nEs sei denn, es gibt gesetzliche Bestimmungen, die dies verhindern. Wenn Sie die L\u00f6schung Ihrer Daten w\u00fcnschen, k\u00f6nnen Sie sich mit Ihrem Wunsch direkt an uns wenden.<\/p>\n<p>Bei Zahlung per Kreditkarte erfolgt die Anmeldung \u00fcber einen sicheren Server, auf dem die Daten verschl\u00fcsselt werden, bevor sie \u00fcber das Internet gesendet werden.<br \/>\n[\/et_pb_text][et_pb_divider _builder_version=&#8220;4.20.2&#8243; _module_preset=&#8220;default&#8220; global_colors_info=&#8220;{}&#8220;][\/et_pb_divider][et_pb_text _builder_version=&#8220;4.20.2&#8243; _module_preset=&#8220;default&#8220; global_colors_info=&#8220;{}&#8220;]<\/p>\n<h4><strong>Reklamation<\/strong><\/h4>\n<p>Sollten Sie aus irgendeinem Grund Ihre Buchungsbest\u00e4tigung nicht erhalten und auch keine Fehlermeldung vom System bekommen haben, schreiben Sie bitte an folgende Adresse: info@randboldalcamping.dk.<\/p>\n<p>Reklamationen \u00fcber den Buchungsvorgang oder die Buchung selbst m\u00fcssen innerhalb einer angemessenen Frist erfolgen, nachdem Sie den Fehler entdeckt haben oder durch eine gew\u00f6hnliche Pr\u00fcfung Ihrer Buchungsbest\u00e4tigung h\u00e4tten entdecken m\u00fcssen.<br \/>\nReklamationen m\u00fcssen schriftlich eingereicht werden.<\/p>\n<p>Reklamationen \u00fcber das Produkt (den Aufenthalt) m\u00fcssen innerhalb von 12 Stunden nach der Ankunft vorgebracht werden, damit Randb\u00f8ldal Camping ApS das Problem beheben kann.<\/p>\n<p>Wenn Randb\u00f8ldal Camping ApS Ihre Reklamation \u00fcber ein Produkt erh\u00e4lt, wird diese so schnell wie m\u00f6glich bearbeitet.<br \/>\nRandb\u00f8ldal Camping ApS wird entscheiden, ob das reklamierte Produkt erstattet, umgetauscht oder ein Preisnachlass gew\u00e4hrt werden soll.<br \/>\n[\/et_pb_text][et_pb_divider _builder_version=&#8220;4.20.2&#8243; _module_preset=&#8220;default&#8220; global_colors_info=&#8220;{}&#8220;][\/et_pb_divider][et_pb_text _builder_version=&#8220;4.20.2&#8243; _module_preset=&#8220;default&#8220; global_colors_info=&#8220;{}&#8220;]<\/p>\n<h4><strong>Vergessene Dinge<\/strong><\/h4>\n<p>Vergessene Gegenst\u00e4nde werden 30 Tage lang ab dem Datum der Abreise aufbewahrt.<br \/>\nNach Ablauf der 30 Tage werden die Gegenst\u00e4nde dem Recycling zugef\u00fchrt.<br \/>\nEs liegt in der Verantwortung des Gastes, uns \u00fcber vergessene Gegenst\u00e4nde zu informieren.<br \/>\nWenn wir vergessene Gegenst\u00e4nde nachsenden m\u00fcssen, ist der Gast f\u00fcr die Versandkosten verantwortlich.<br \/>\n[\/et_pb_text][et_pb_divider _builder_version=&#8220;4.20.2&#8243; _module_preset=&#8220;default&#8220; global_colors_info=&#8220;{}&#8220;][\/et_pb_divider][et_pb_text _builder_version=&#8220;4.20.2&#8243; _module_preset=&#8220;default&#8220; global_colors_info=&#8220;{}&#8220;]<em>Diese Bedingungen d\u00fcrfen ohne vorherige schriftliche Zustimmung von Randb\u00f8ldal Camping ApS nicht weitergegeben oder kopiert werden.<\/em><br \/>\n[\/et_pb_text][et_pb_divider _builder_version=&#8220;4.20.2&#8243; _module_preset=&#8220;default&#8220; global_colors_info=&#8220;{}&#8220;][\/et_pb_divider][et_pb_text _builder_version=&#8220;4.20.2&#8243; _module_preset=&#8220;default&#8220; global_colors_info=&#8220;{}&#8220;]<strong>Randb\u00f8ldal Camping ApS, Dalen 9, 7183 Randb\u00f8l.<br \/>\nCVR: 14409297 <\/strong><br \/>\n<strong>www.randboldalcamping.dk<\/strong><br \/>\n<strong>info@randboldalcamping.dk<\/strong><br \/>\n<strong>Tel: 0045 7588 3575<\/strong><br \/>\n<strong>Bank: Reg Nr. 9815 Konto: 4567 078782<\/strong><br \/>\n[\/et_pb_text][et_pb_divider _builder_version=&#8220;4.20.2&#8243; _module_preset=&#8220;default&#8220; global_colors_info=&#8220;{}&#8220;][\/et_pb_divider][\/et_pb_column][\/et_pb_row][\/et_pb_section]<\/p>\n","protected":false},"excerpt":{"rendered":"<p>Gute Erfahrungen kann man auf Randb\u00f8ldal Camping machen Bedingungen und Konditionen Handelsbedingungen f\u00fcr Randb\u00f8ldal Camping ApS Allgemeine Gesch\u00e4ftsbedingungen f\u00fcr Randb\u00f8ldal Camping Aps G\u00fcltigkeit Allgemeine Gesch\u00e4ftsbedingungen f\u00fcr Randb\u00f8ldal Camping ApS gelten [&hellip;]<\/p>\n","protected":false},"author":3,"featured_media":0,"parent":0,"menu_order":0,"comment_status":"closed","ping_status":"closed","template":"","meta":{"_et_pb_use_builder":"on","_et_pb_old_content":"","_et_gb_content_width":"","_price":"","_stock":"","_tribe_ticket_header":"","_tribe_default_ticket_provider":"","_tribe_ticket_capacity":"0","_ticket_start_date":"","_ticket_end_date":"","_tribe_ticket_show_description":"","_tribe_ticket_show_not_going":false,"_tribe_ticket_use_global_stock":"","_tribe_ticket_global_stock_level":"","_global_stock_mode":"","_global_stock_cap":"","_tribe_rsvp_for_event":"","_tribe_ticket_going_count":"","_tribe_ticket_not_going_count":"","_tribe_tickets_list":"[]","_tribe_ticket_has_attendee_info_fields":false,"footnotes":"","_tec_slr_enabled":"","_tec_slr_layout":""},"difl_page_category":[],"class_list":["post-804344","page","type-page","status-publish","hentry"],"yoast_head":"<!-- This site is optimized with the Yoast SEO plugin v27.3 - https:\/\/yoast.com\/product\/yoast-seo-wordpress\/ -->\n<title>Bedingungen und Konditionen - Randb\u00f8ldal Camping<\/title>\n<meta name=\"robots\" content=\"index, follow, max-snippet:-1, max-image-preview:large, max-video-preview:-1\" \/>\n<link rel=\"canonical\" href=\"https:\/\/randboldalcamping.dk\/de\/bedingungen-und-konditionen\/\" \/>\n<meta property=\"og:locale\" content=\"de_DE\" \/>\n<meta property=\"og:type\" content=\"article\" \/>\n<meta property=\"og:title\" content=\"Bedingungen und Konditionen - Randb\u00f8ldal Camping\" \/>\n<meta property=\"og:description\" content=\"Gute Erfahrungen kann man auf Randb\u00f8ldal Camping machen Bedingungen und Konditionen Handelsbedingungen f\u00fcr Randb\u00f8ldal Camping ApS Allgemeine Gesch\u00e4ftsbedingungen f\u00fcr Randb\u00f8ldal Camping Aps G\u00fcltigkeit Allgemeine Gesch\u00e4ftsbedingungen f\u00fcr Randb\u00f8ldal Camping ApS gelten [&hellip;]\" \/>\n<meta property=\"og:url\" content=\"https:\/\/randboldalcamping.dk\/de\/bedingungen-und-konditionen\/\" \/>\n<meta property=\"og:site_name\" content=\"Randb\u00f8ldal Camping\" \/>\n<meta property=\"article:modified_time\" content=\"2024-11-22T12:15:49+00:00\" \/>\n<meta name=\"twitter:card\" content=\"summary_large_image\" \/>\n<meta name=\"twitter:label1\" content=\"Gesch\u00e4tzte Lesezeit\" \/>\n\t<meta name=\"twitter:data1\" content=\"4\u00a0Minuten\" \/>\n<script type=\"application\/ld+json\" class=\"yoast-schema-graph\">{\"@context\":\"https:\\\/\\\/schema.org\",\"@graph\":[{\"@type\":\"WebPage\",\"@id\":\"https:\\\/\\\/randboldalcamping.dk\\\/de\\\/bedingungen-und-konditionen\\\/\",\"url\":\"https:\\\/\\\/randboldalcamping.dk\\\/de\\\/bedingungen-und-konditionen\\\/\",\"name\":\"Bedingungen und Konditionen - Randb\u00f8ldal Camping\",\"isPartOf\":{\"@id\":\"https:\\\/\\\/randboldalcamping.dk\\\/de\\\/#website\"},\"datePublished\":\"2023-03-21T13:05:38+00:00\",\"dateModified\":\"2024-11-22T12:15:49+00:00\",\"breadcrumb\":{\"@id\":\"https:\\\/\\\/randboldalcamping.dk\\\/de\\\/bedingungen-und-konditionen\\\/#breadcrumb\"},\"inLanguage\":\"de\",\"potentialAction\":[{\"@type\":\"ReadAction\",\"target\":[\"https:\\\/\\\/randboldalcamping.dk\\\/de\\\/bedingungen-und-konditionen\\\/\"]}]},{\"@type\":\"BreadcrumbList\",\"@id\":\"https:\\\/\\\/randboldalcamping.dk\\\/de\\\/bedingungen-und-konditionen\\\/#breadcrumb\",\"itemListElement\":[{\"@type\":\"ListItem\",\"position\":1,\"name\":\"Hjem\",\"item\":\"https:\\\/\\\/randboldalcamping.dk\\\/de\\\/\"},{\"@type\":\"ListItem\",\"position\":2,\"name\":\"Bedingungen und Konditionen\"}]},{\"@type\":\"WebSite\",\"@id\":\"https:\\\/\\\/randboldalcamping.dk\\\/de\\\/#website\",\"url\":\"https:\\\/\\\/randboldalcamping.dk\\\/de\\\/\",\"name\":\"Randb\u00f8ldal Camping\",\"description\":\"Overnatninger t\u00e6t p\u00e5 Billund og Vejle\",\"potentialAction\":[{\"@type\":\"SearchAction\",\"target\":{\"@type\":\"EntryPoint\",\"urlTemplate\":\"https:\\\/\\\/randboldalcamping.dk\\\/de\\\/?s={search_term_string}\"},\"query-input\":{\"@type\":\"PropertyValueSpecification\",\"valueRequired\":true,\"valueName\":\"search_term_string\"}}],\"inLanguage\":\"de\"}]}<\/script>\n<!-- \/ Yoast SEO plugin. -->","yoast_head_json":{"title":"Bedingungen und Konditionen - Randb\u00f8ldal Camping","robots":{"index":"index","follow":"follow","max-snippet":"max-snippet:-1","max-image-preview":"max-image-preview:large","max-video-preview":"max-video-preview:-1"},"canonical":"https:\/\/randboldalcamping.dk\/de\/bedingungen-und-konditionen\/","og_locale":"de_DE","og_type":"article","og_title":"Bedingungen und Konditionen - Randb\u00f8ldal Camping","og_description":"Gute Erfahrungen kann man auf Randb\u00f8ldal Camping machen Bedingungen und Konditionen Handelsbedingungen f\u00fcr Randb\u00f8ldal Camping ApS Allgemeine Gesch\u00e4ftsbedingungen f\u00fcr Randb\u00f8ldal Camping Aps G\u00fcltigkeit Allgemeine Gesch\u00e4ftsbedingungen f\u00fcr Randb\u00f8ldal Camping ApS gelten [&hellip;]","og_url":"https:\/\/randboldalcamping.dk\/de\/bedingungen-und-konditionen\/","og_site_name":"Randb\u00f8ldal Camping","article_modified_time":"2024-11-22T12:15:49+00:00","twitter_card":"summary_large_image","twitter_misc":{"Gesch\u00e4tzte Lesezeit":"4\u00a0Minuten"},"schema":{"@context":"https:\/\/schema.org","@graph":[{"@type":"WebPage","@id":"https:\/\/randboldalcamping.dk\/de\/bedingungen-und-konditionen\/","url":"https:\/\/randboldalcamping.dk\/de\/bedingungen-und-konditionen\/","name":"Bedingungen und Konditionen - Randb\u00f8ldal Camping","isPartOf":{"@id":"https:\/\/randboldalcamping.dk\/de\/#website"},"datePublished":"2023-03-21T13:05:38+00:00","dateModified":"2024-11-22T12:15:49+00:00","breadcrumb":{"@id":"https:\/\/randboldalcamping.dk\/de\/bedingungen-und-konditionen\/#breadcrumb"},"inLanguage":"de","potentialAction":[{"@type":"ReadAction","target":["https:\/\/randboldalcamping.dk\/de\/bedingungen-und-konditionen\/"]}]},{"@type":"BreadcrumbList","@id":"https:\/\/randboldalcamping.dk\/de\/bedingungen-und-konditionen\/#breadcrumb","itemListElement":[{"@type":"ListItem","position":1,"name":"Hjem","item":"https:\/\/randboldalcamping.dk\/de\/"},{"@type":"ListItem","position":2,"name":"Bedingungen und Konditionen"}]},{"@type":"WebSite","@id":"https:\/\/randboldalcamping.dk\/de\/#website","url":"https:\/\/randboldalcamping.dk\/de\/","name":"Randb\u00f8ldal Camping","description":"Overnatninger t\u00e6t p\u00e5 Billund og Vejle","potentialAction":[{"@type":"SearchAction","target":{"@type":"EntryPoint","urlTemplate":"https:\/\/randboldalcamping.dk\/de\/?s={search_term_string}"},"query-input":{"@type":"PropertyValueSpecification","valueRequired":true,"valueName":"search_term_string"}}],"inLanguage":"de"}]}},"publishpress_future_action":{"enabled":false,"date":"2026-04-12 12:56:26","action":"change-status","newStatus":"draft","terms":[],"taxonomy":"translation_priority","extraData":[]},"publishpress_future_workflow_manual_trigger":{"enabledWorkflows":[]},"ticketed":false,"_links":{"self":[{"href":"https:\/\/randboldalcamping.dk\/de\/wp-json\/wp\/v2\/pages\/804344","targetHints":{"allow":["GET"]}}],"collection":[{"href":"https:\/\/randboldalcamping.dk\/de\/wp-json\/wp\/v2\/pages"}],"about":[{"href":"https:\/\/randboldalcamping.dk\/de\/wp-json\/wp\/v2\/types\/page"}],"author":[{"embeddable":true,"href":"https:\/\/randboldalcamping.dk\/de\/wp-json\/wp\/v2\/users\/3"}],"replies":[{"embeddable":true,"href":"https:\/\/randboldalcamping.dk\/de\/wp-json\/wp\/v2\/comments?post=804344"}],"version-history":[{"count":10,"href":"https:\/\/randboldalcamping.dk\/de\/wp-json\/wp\/v2\/pages\/804344\/revisions"}],"predecessor-version":[{"id":815278,"href":"https:\/\/randboldalcamping.dk\/de\/wp-json\/wp\/v2\/pages\/804344\/revisions\/815278"}],"wp:attachment":[{"href":"https:\/\/randboldalcamping.dk\/de\/wp-json\/wp\/v2\/media?parent=804344"}],"wp:term":[{"taxonomy":"difl_page_category","embeddable":true,"href":"https:\/\/randboldalcamping.dk\/de\/wp-json\/wp\/v2\/difl_page_category?post=804344"}],"curies":[{"name":"wp","href":"https:\/\/api.w.org\/{rel}","templated":true}]}}